{"id":10820,"date":"2016-09-23T10:50:30","date_gmt":"2016-09-23T10:50:30","guid":{"rendered":"http:\/\/skaftfell.avistaserver.com\/?page_id=10820&#038;lang=en"},"modified":"2024-03-12T11:25:48","modified_gmt":"2024-03-12T11:25:48","slug":"staff","status":"publish","type":"page","link":"https:\/\/archive.skaftfell.is\/en\/skaftfell\/about-skaftfell\/staff\/","title":{"rendered":"Staff"},"content":{"rendered":"<p>&nbsp;<\/p>\r\n<p><strong>Celia Harrison, Director<\/strong><\/p>\r\n<p>director@archive.skaftfell.is \/ skaftfell@archive.skaftfell.is<\/p>\r\n<p class=\"p2\"><span class=\"s1\">With a wealth of experience and a passion for the arts, Celia Harrison is an accomplished artistic director, producer, and curator who made Sey\u00f0isfj\u00f6r\u00f0ur her home in 2015. Her experience includes key roles in directing arts institutions in both New Zealand and Iceland, with recent contributions including co-directing the LungA School and co-founding the Her\u00f0ubrei\u00f0 Community and Culture Center, along with the List \u00ed lj\u00f3si light festival in Sey\u00f0isfj\u00f6r\u00f0ur.<\/span><\/p>\r\n<p class=\"p2\"><span class=\"s1\">Celia holds a PhD in Art and Design, focusing her research on community development through artistic practices amidst the challenges of climate change. Reflecting on Skaftfell Art Center, she remarks, \u201cSkaftfell is truly special, holding a significant place in the history of Sey\u00f0isfj\u00f6r\u00f0ur and East Iceland. The opportunity to continue its artistic legacy is a true honour and I look forward to working collaboratively with everyone involved.\u201d<\/span><\/p>\r\n<p>Celia took up position as director of Skaftfell in January 2024.<\/p>\r\n<p>&nbsp;<\/p>\r\n<hr \/>\r\n<p>&nbsp;<\/p>\r\n<p>&nbsp;<\/p>\r\n<p><strong><span class=\"\">Kamilla Gylfad\u00f3ttir, Project Manager\u00a0<\/span><\/strong><\/p>\r\n<p>Residency and Education\u00a0<\/p>\r\n<p>residency@skaftfelll.is \/ fraedsla@archive.skaftfell.is<\/p>\r\n<p>Kamilla Gylfad\u00f3ttir joined Skaftfell in July 2022 as project manager of Skaftfell&#8217;s education program and community outreach, and has managed the residency program since August 2023. She graduated with a B.A. degree in Italian and Tourism Studies in 2014, studied photography in Aarhus and filmmaking in Sarajevo and has worked with filmmaking and art since. In 2020, she completed her M.A. studies in Preservation and Presentation of the Moving Image at the University of Amsterdam. In 2021 she taught Skaftfell&#8217;s art education project for the east of Iceland and she is part of planning and teaching Skjaldbakan, a documentary filmmaking course that took place during BRAS 2022. She co founded the Icelandic home movie collective in 2020 which has uncovered Icelandic home movies and hosted community events around the country.<\/p>\r\n<p>&nbsp;<\/p>\r\n<hr \/>\r\n<p>&nbsp;<\/p>\r\n<p><strong>Previous directors<\/strong><\/p>\r\n<p>2006 &#8211; 2011 \u00de\u00f3runn Eymundard\u00f3ttir<\/p>\r\n<p>2011 &#8211; 2018 Tinna Gu\u00f0mundsd\u00f3ttir<\/p>\r\n<p>2018 &#8211; 2020 Gavin Morrison<\/p>\r\n<p>2020 &#8211; 2022 Hanna Christel Sigurkarlsd\u00f3ttir &amp; Julia Martin<\/p>\r\n<p>2022 &#8211; 2024 Pari Stave<br \/><br \/><\/p>\r\n<p><strong>Previous residency managers<\/strong><\/p>\r\n<p>2012 &#8211; 2014 Litten Nystr\u00f8m<\/p>\r\n<p>2015 &#8211; 2022 Julia Martin<\/p>\r\n<p>&nbsp;<\/p>\r\n<p><strong>Previous education managers<\/strong><\/p>\r\n<p>2015 &#8211; 2022 Hanna Christel Sigurkarlsd\u00f3ttir<\/p>\r\n<p>&nbsp;<\/p>\r\n<hr \/>\r\n<p class=\"status-full collapsed\"><strong>Interns &amp; Seasonal Staff<\/strong><\/p>\r\n<p>2022: Aino Peltola and Netta Alanko (Pekka Halonen Academi, FI); Ra Tack<\/p>\r\n<p>2021: Magdalena Noga, \u00cdsold Gn\u00e1 Ingvad\u00f3ttir<\/p>\r\n<p>2020: Unnur Birna J. Backman<\/p>\r\n<p>2019: Mary Buckland,\u00a0Lila\u00ef Licata<\/p>\r\n<p>2018: Jenny Niinimaa and\u00a0Ninni Olllikainen\u00a0(Pekka Halonen Academi, FI),\u00a0Carlotta von Haebler<\/p>\r\n<p>2016: Eva Jaskova<\/p>\r\n<p>2015: Lisa Paland, Hochschule Merseburg<\/p>\r\n<p>2014: Becky Forsythe, Georgian College<\/p>\r\n<p>2013: Jasmin Meinold, HBK Braunschweig<\/p>\r\n\r\n<p>&nbsp;<\/p>\r\n","protected":false},"excerpt":{"rendered":"<p>&nbsp; Celia Harrison, Director director@archive.skaftfell.is \/ skaftfell@archive.skaftfell.is With a wealth of experience and a passion for the arts, Celia Harrison is an accomplished artistic director, producer, and curator who made Sey\u00f0isfj\u00f6r\u00f0ur her home in 2015. Her experience includes key roles in directing arts institutions in both New Zealand and Iceland, with recent contributions including co-directing the LungA School and co-founding the Her\u00f0ubrei\u00f0 Community and Culture Center, along with the List \u00ed lj\u00f3si light festival in Sey\u00f0isfj\u00f6r\u00f0ur. Celia holds a PhD in Art and Design, focusing her research on community development through artistic practices amidst the challenges of climate change. Reflecting [\u2026] <\/p>\n<div class=\"clear\"><\/div>\n<p><a class=\"more_link clearfix\" href=\"https:\/\/archive.skaftfell.is\/en\/skaftfell\/about-skaftfell\/staff\/\" rel=\"nofollow\">Read More<\/a><\/p>\n","protected":false},"author":7,"featured_media":0,"parent":15669,"menu_order":0,"comment_status":"closed","ping_status":"closed","template":"","meta":{"footnotes":""},"class_list":["post-10820","page","type-page","status-publish","hentry"],"_links":{"self":[{"href":"https:\/\/archive.skaftfell.is\/en\/wp-json\/wp\/v2\/pages\/10820"}],"collection":[{"href":"https:\/\/archive.skaftfell.is\/en\/wp-json\/wp\/v2\/pages"}],"about":[{"href":"https:\/\/archive.skaftfell.is\/en\/wp-json\/wp\/v2\/types\/page"}],"author":[{"embeddable":true,"href":"https:\/\/archive.skaftfell.is\/en\/wp-json\/wp\/v2\/users\/7"}],"replies":[{"embeddable":true,"href":"https:\/\/archive.skaftfell.is\/en\/wp-json\/wp\/v2\/comments?post=10820"}],"version-history":[{"count":0,"href":"https:\/\/archive.skaftfell.is\/en\/wp-json\/wp\/v2\/pages\/10820\/revisions"}],"up":[{"embeddable":true,"href":"https:\/\/archive.skaftfell.is\/en\/wp-json\/wp\/v2\/pages\/15669"}],"wp:attachment":[{"href":"https:\/\/archive.skaftfell.is\/en\/wp-json\/wp\/v2\/media?parent=10820"}],"curies":[{"name":"wp","href":"https:\/\/api.w.org\/{rel}","templated":true}]}}