{"id":11985,"date":"2017-03-03T09:04:58","date_gmt":"2017-03-03T09:04:58","guid":{"rendered":"http:\/\/skaftfell.avistaserver.com\/?page_id=11985&#038;lang=en"},"modified":"2021-06-08T11:54:21","modified_gmt":"2021-06-08T11:54:21","slug":"art-class-in-seydisfjardarskoli","status":"publish","type":"page","link":"https:\/\/archive.skaftfell.is\/en\/education\/art-class-in-seydisfjardarskoli\/","title":{"rendered":"Art class in Sey\u00f0isfjar\u00f0arsk\u00f3li"},"content":{"rendered":"<p>For many years Skaftfell has contributed to the art class in Sey\u00f0isfjar\u00f0arsk\u00f3li, for all grades. Artists in residence have been involved actively, hosting wokshops and inviting student groups to visit their studios.<\/p>\n<p>2017<\/p>\n<p style=\"padding-left: 30px;\"><a href=\"\/?p=11967&amp;lang=en\" target=\"_blank\" rel=\"noopener\">Visualisation of light and dark<\/a>, Feb<\/p>\n<p>2016<\/p>\n<p style=\"padding-left: 30px;\"><a href=\"\/?p=11943&amp;lang=en\" target=\"_blank\" rel=\"noopener\">Light paintings<\/a>, Feb<\/p>\n<p>2015<\/p>\n<p style=\"padding-left: 30px;\"><a href=\"\/?p=11190&amp;lang=en\" target=\"_blank\" rel=\"noopener\">King of the North<\/a>, May<\/p>\n<p>2014<\/p>\n<p style=\"padding-left: 30px;\"><a href=\"\/?p=11178&amp;lang=en\" target=\"_blank\" rel=\"noopener\">Darkness exhibition<\/a>, Nov<\/p>\n<p style=\"padding-left: 30px;\"><a href=\"\/?p=11166&amp;lang=en\" target=\"_blank\" rel=\"noopener\">In colour<\/a>, Apr<\/p>\n<p style=\"padding-left: 30px;\"><a href=\"\/?p=11159&amp;lang=en\" target=\"_blank\" rel=\"noopener\">Everything is in Everything<\/a>, Jan<\/p>\n<p>2013<\/p>\n<p style=\"padding-left: 30px;\"><a href=\"\/?page_id=8904\" target=\"_blank\" rel=\"noopener\">They come out at night<\/a>, n\u00f3v<\/p>\n<p style=\"padding-left: 30px;\"><a href=\"\/?p=4608\" target=\"_blank\" rel=\"noopener\">Sumars\u00fdning<\/a>, j\u00fan\u00ed<\/p>\n<p>2012<\/p>\n<p style=\"padding-left: 30px;\"><a href=\"\/?p=3198\" target=\"_blank\" rel=\"noopener\">Fundir litir<\/a>, n\u00f3v<\/p>\n<p style=\"padding-left: 30px;\"><a href=\"\/?p=3160\" target=\"_blank\" rel=\"noopener\">N\u00e6turlitir<\/a>, okt<\/p>\n<p style=\"padding-left: 30px;\"><a href=\"\/?p=3073\" target=\"_blank\" rel=\"noopener\">Geiri<\/a>, sep<\/p>\n<p style=\"padding-left: 30px;\"><a href=\"\/?p=2231\" target=\"_blank\" rel=\"noopener\">Vors\u00fdning<\/a>, j\u00fan<\/p>\n<p style=\"padding-left: 30px;\"><a href=\"\/?p=1508\" target=\"_blank\" rel=\"noopener\">B\u00f3kverk<\/a>, jan<\/p>\n<p>2011<\/p>\n<p style=\"text-align: left; padding-left: 30px;\"><a href=\"\/?p=1439\" target=\"_blank\" rel=\"noopener\">\u00cd \u00f6\u00f0rum v\u00edddum<\/a>, n\u00f3v<\/p>\n<p style=\"text-align: left;\">2010<\/p>\n<p style=\"text-align: left; padding-left: 30px;\"><a href=\"\/?p=11084&amp;lang=en\" target=\"_blank\" rel=\"noopener\">Short movies and stop-motion<\/a>, June<\/p>\n<p style=\"text-align: left;\">2009<\/p>\n<p style=\"text-align: left; padding-left: 30px;\"><a href=\"\/?p=11036&amp;lang=en\" target=\"_blank\" rel=\"noopener\">Light and shadows<\/a>, n\u00f3v<\/p>\n","protected":false},"excerpt":{"rendered":"<p>For many years Skaftfell has contributed to the art class in Sey\u00f0isfjar\u00f0arsk\u00f3li, for all grades. Artists in residence have been involved actively, hosting wokshops and inviting student groups to visit their studios. 2017 Visualisation of light and dark, Feb 2016 Light paintings, Feb 2015 King of the North, May 2014 Darkness exhibition, Nov In colour, Apr Everything is in Everything, Jan 2013 They come out at night, n\u00f3v Sumars\u00fdning, j\u00fan\u00ed 2012 Fundir litir, n\u00f3v N\u00e6turlitir, okt Geiri, sep Vors\u00fdning, j\u00fan B\u00f3kverk, jan 2011 \u00cd \u00f6\u00f0rum v\u00edddum, n\u00f3v 2010 Short movies and stop-motion, June 2009 Light and shadows, n\u00f3v<\/p>\n","protected":false},"author":7,"featured_media":0,"parent":8173,"menu_order":3,"comment_status":"closed","ping_status":"closed","template":"","meta":{"footnotes":""},"class_list":["post-11985","page","type-page","status-publish","hentry"],"_links":{"self":[{"href":"https:\/\/archive.skaftfell.is\/en\/wp-json\/wp\/v2\/pages\/11985"}],"collection":[{"href":"https:\/\/archive.skaftfell.is\/en\/wp-json\/wp\/v2\/pages"}],"about":[{"href":"https:\/\/archive.skaftfell.is\/en\/wp-json\/wp\/v2\/types\/page"}],"author":[{"embeddable":true,"href":"https:\/\/archive.skaftfell.is\/en\/wp-json\/wp\/v2\/users\/7"}],"replies":[{"embeddable":true,"href":"https:\/\/archive.skaftfell.is\/en\/wp-json\/wp\/v2\/comments?post=11985"}],"version-history":[{"count":0,"href":"https:\/\/archive.skaftfell.is\/en\/wp-json\/wp\/v2\/pages\/11985\/revisions"}],"up":[{"embeddable":true,"href":"https:\/\/archive.skaftfell.is\/en\/wp-json\/wp\/v2\/pages\/8173"}],"wp:attachment":[{"href":"https:\/\/archive.skaftfell.is\/en\/wp-json\/wp\/v2\/media?parent=11985"}],"curies":[{"name":"wp","href":"https:\/\/api.w.org\/{rel}","templated":true}]}}