{"id":14617,"date":"2018-09-25T12:10:21","date_gmt":"2018-09-25T12:10:21","guid":{"rendered":"http:\/\/skaftfell.avistaserver.com\/?page_id=14617&#038;lang=en"},"modified":"2021-09-13T14:52:33","modified_gmt":"2021-09-13T14:52:33","slug":"the-board-and-annual-reports","status":"publish","type":"page","link":"https:\/\/archive.skaftfell.is\/en\/skaftfell\/the-board-and-annual-reports\/","title":{"rendered":"The board and annual reports"},"content":{"rendered":"<h3>Annual reports, in Icelandic<\/h3>\n<p><a href=\"https:\/\/archive.skaftfell.is\/wp-content\/uploads\/2021\/03\/Arsskyrsla-Skaftfells-2020.pdf\">\u00c1rssk\u00fdrsla Skaftfells 2020<\/a><\/p>\n<p><a href=\"https:\/\/archive.skaftfell.is\/wp-content\/uploads\/2018\/09\/arsskyrsla-skaftfells-2017.pdf\">\u00c1rssk\u00fdrsla Skaftfells 2017<\/a><\/p>\n<p><a href=\"https:\/\/archive.skaftfell.is\/wp-content\/uploads\/2014\/05\/2016_skaftfell-\u00e1rssk\u00fdrsla.pdf\" target=\"_blank\" rel=\"noopener\">\u00c1rssk\u00fdrsla Skaftfells 2016<\/a><\/p>\n<p><a href=\"https:\/\/archive.skaftfell.is\/wp-content\/uploads\/2016\/09\/2015_arsskyrsla_ska.pdf\">\u00c1rssk\u00fdrsla Skaftfells 2015<\/a><\/p>\n<p><a href=\"https:\/\/archive.skaftfell.is\/wp-content\/uploads\/2014\/05\/arsskyrsla_ska_2014_minni.pdf\" target=\"_blank\" rel=\"noopener\">\u00c1rssk\u00fdrsla Skaftfells 2014<\/a><\/p>\n<p><a href=\"https:\/\/archive.skaftfell.is\/wp-content\/uploads\/2014\/05\/ska_arsskyrsla_2013.pdf\">\u00c1rssk\u00fdrsla Skaftfells 2013<\/a><\/p>\n<p><a href=\"https:\/\/archive.skaftfell.is\/wp-content\/uploads\/2014\/05\/ska_arsskyrsla_2012.pdf\">\u00c1rssk\u00fdrsla Skaftfells 2012<\/a><\/p>\n<p><a href=\"https:\/\/archive.skaftfell.is\/wp-content\/uploads\/2014\/05\/2016_skaftfell-\u00e1rssk\u00fdrsla.pdf\" target=\"_blank\" rel=\"noopener\">\u00c1rssk\u00fdrsla Skaftfells 2011<\/a><\/p>\n<p><a href=\"https:\/\/archive.skaftfell.is\/wp-content\/uploads\/2014\/05\/ska_arsskyrsla_2010.pdf\">\u00c1rssk\u00fdrsla Skaftfells 2010<\/a><\/p>\n<p><a href=\"https:\/\/archive.skaftfell.is\/wp-content\/uploads\/2014\/05\/ska_arsskyrsla_2009.pdf\">\u00c1rssk\u00fdrsla Skaftfells 2009<\/a><\/p>\n<p><a href=\"https:\/\/archive.skaftfell.is\/wp-content\/uploads\/2014\/05\/ska_arsskyrsla_2008.pdf\">\u00c1rssk\u00fdrsla Skaftfells 2008<\/a><\/p>\n<p><a href=\"https:\/\/archive.skaftfell.is\/wp-content\/uploads\/2014\/05\/2007-skaftfell-greinagerd.pdf\">\u00c1rssk\u00fdrsla Skaftfells 2007<\/a><\/p>\n<p><a href=\"https:\/\/archive.skaftfell.is\/wp-content\/uploads\/2014\/05\/2006-sk\u00fdrsla.pdf\">\u00c1rssk\u00fdrsla Skaftfells 2006<\/a><\/p>\n<p><a href=\"https:\/\/archive.skaftfell.is\/wp-content\/uploads\/2014\/05\/2002-skyrsla-yfir-starfsemi-skaftfells.pdf\">\u00c1rssk\u00fdrsla Skaftfells 2002<\/a><\/p>\n<hr \/>\n<h3>Organisational charter<\/h3>\n<ul>\n<li><a href=\"https:\/\/archive.skaftfell.is\/wp-content\/uploads\/2018\/09\/skipulagsskra_skaftfell_2004.pdf\" target=\"_blank\" rel=\"noopener\">Skipulagsskr\u00e1 fyrir sj\u00e1lfeignarstofnunina Skaftfell, sam\u00feykkt 2004<\/a><\/li>\n<\/ul>\n<hr \/>\n<h3><strong>\u00a0<\/strong><strong>Current board 2020-<\/strong><\/h3>\n<ul>\n<li style=\"padding-left: 30px;\">N\u00edna Magn\u00fasd\u00f3ttir, forma\u00f0ur. Varama\u00f0ur Gunnhildur Hauksd\u00f3ttir<\/li>\n<li style=\"padding-left: 30px;\">Oddn\u00fd Bj\u00f6rk Dan\u00edelsd\u00f3ttir, ritari. Varama\u00f0ur Hildur \u00de\u00f3risd\u00f3ttir<\/li>\n<li style=\"padding-left: 30px;\">Sesselja Hl\u00edn J\u00f3nasard\u00f3ttir. Varama\u00f0ur Gar\u00f0ar Bachmann \u00de\u00f3r\u00f0arson<\/li>\n<li style=\"padding-left: 30px;\">Anna Eyj\u00f3lfsd\u00f3ttir, forma\u00f0ur S\u00cdM. Varama\u00f0ur Erling J\u00f3hannesson, forseti B\u00cdL<\/li>\n<li style=\"padding-left: 30px;\">Tumi Magn\u00fasson. Varama\u00f0ur Mark\u00fas \u00de\u00f3r Andr\u00e9sson<\/li>\n<\/ul>\n<h3><strong>Previous boards<br \/>\n<\/strong><\/h3>\n<p><strong>2017-2020<\/strong><\/p>\n<ul>\n<li style=\"padding-left: 30px;\">Au\u00f0ur J\u00f6rundsd\u00f3ttir, chairman.\u00a0Alternate Gunnhildur Hauksd\u00f3ttir<\/li>\n<li style=\"padding-left: 30px;\">Svava L\u00e1rusd\u00f3ttir.\u00a0Alternate Vilhj\u00e1lmur J\u00f3nsson<\/li>\n<li style=\"padding-left: 30px;\">J\u00f6kull Sn\u00e6r \u00de\u00f3r\u00f0arson. Alternate J\u00fal\u00edana Bj\u00f6rk Gar\u00f0arsd\u00f3ttir<\/li>\n<li style=\"padding-left: 30px;\">J\u00f3na Hl\u00edf Halld\u00f3rsd\u00f3ttir, forma\u00f0ur S\u00cdM. Alternate Kolbr\u00fan Halld\u00f3rsd\u00f3ttir, forseti B\u00cdL<\/li>\n<li style=\"padding-left: 30px;\">Fr\u00ed\u00f0a Bj\u00f6rk Ingvarsd\u00f3ttir. Alternate Mark\u00fas \u00de\u00f3r Andr\u00e9sson<\/li>\n<\/ul>\n<p><strong>2014-2017<\/strong><\/p>\n<ul>\n<li style=\"padding-left: 30px;\">Hanna Christel Sigurkarlsd\u00f3ttir, chairman.\u00a0Alternate Gunnhildur Hauksd\u00f3ttir<\/li>\n<li style=\"padding-left: 30px;\">Svava L\u00e1rusd\u00f3ttir, ritari.\u00a0Alternate Vilhj\u00e1lmur J\u00f3nsson<\/li>\n<li style=\"padding-left: 30px;\">Gr\u00e9ta Gar\u00f0arsd\u00f3ttir. Alternate J\u00f6kull Sn\u00e6r \u00de\u00f3r\u00f0arson<\/li>\n<li style=\"padding-left: 30px;\">J\u00f3na Hl\u00edf Halld\u00f3rsd\u00f3ttir, forma\u00f0ur S\u00cdM. Alternate Kolbr\u00fan Halld\u00f3rsd\u00f3ttir, forseti B\u00cdL<\/li>\n<li style=\"padding-left: 30px;\">Fr\u00ed\u00f0a Bj\u00f6rk Ingvarsd\u00f3ttir. Alternate Mark\u00fas \u00de\u00f3r Andr\u00e9sson<\/li>\n<\/ul>\n<p><strong>2011-2014<\/strong><\/p>\n<ul>\n<li style=\"padding-left: 30px;\">Hanna Christel Sigurkarlsd\u00f3ttir, chairman. Alternate: \u00d3lafur \u00d6rn P\u00e9tursson<\/li>\n<li style=\"padding-left: 30px;\">Svava\u00a0 L\u00e1rusd\u00f3ttir, varaforma\u00f0ur og gjaldkeri. Alternate: Vilhj\u00e1lmur J\u00f3nsson<\/li>\n<li style=\"padding-left: 30px;\">Helgi \u00d6rn P\u00e9tursson, ritari. Alternate: Gar\u00f0ar Backman<\/li>\n<li style=\"padding-left: 30px;\">Hrafnhildur Sigur\u00f0ard\u00f3ttir. Alternate: \u00c1sta \u00d3lafsd\u00f3ttir<\/li>\n<li style=\"padding-left: 30px;\">Dan\u00edel Karl Bj\u00f6rnsson. Alternate: A\u00f0alhei\u00f0ur Borg\u00fe\u00f3rsd\u00f3ttir<\/li>\n<\/ul>\n<p><strong>2008-2011<\/strong><\/p>\n<ul>\n<li style=\"padding-left: 30px;\">Dan\u00edel Bj\u00f6rnsson, chairman. Alternate: Eggert Einarsson<\/li>\n<li style=\"padding-left: 30px;\">Hildigunnur Birgisd\u00f3ttir, varaforma\u00f0ur. Alternate: Hanna Christel Sigurkarlsd\u00f3ttir<\/li>\n<li style=\"padding-left: 30px;\">Mar\u00eda Gaskell. Alternate: J\u00f3n \u00d3skar<\/li>\n<li style=\"padding-left: 30px;\">Helgi \u00d6rn P\u00e9tursson. Alternate: Goddur<\/li>\n<li style=\"padding-left: 30px;\">Elva Hl\u00edn P\u00e9tursd\u00f3ttir. Alternate: Klas Poulsen<\/li>\n<\/ul>\n","protected":false},"excerpt":{"rendered":"<p>Annual reports, in Icelandic \u00c1rssk\u00fdrsla Skaftfells 2020 \u00c1rssk\u00fdrsla Skaftfells 2017 \u00c1rssk\u00fdrsla Skaftfells 2016 \u00c1rssk\u00fdrsla Skaftfells 2015 \u00c1rssk\u00fdrsla Skaftfells 2014 \u00c1rssk\u00fdrsla Skaftfells 2013 \u00c1rssk\u00fdrsla Skaftfells 2012 \u00c1rssk\u00fdrsla Skaftfells 2011 \u00c1rssk\u00fdrsla Skaftfells 2010 \u00c1rssk\u00fdrsla Skaftfells 2009 \u00c1rssk\u00fdrsla Skaftfells 2008 \u00c1rssk\u00fdrsla Skaftfells 2007 \u00c1rssk\u00fdrsla Skaftfells 2006 \u00c1rssk\u00fdrsla Skaftfells 2002 Organisational charter Skipulagsskr\u00e1 fyrir sj\u00e1lfeignarstofnunina Skaftfell, sam\u00feykkt 2004 \u00a0Current board 2020- N\u00edna Magn\u00fasd\u00f3ttir, forma\u00f0ur. Varama\u00f0ur Gunnhildur Hauksd\u00f3ttir Oddn\u00fd Bj\u00f6rk Dan\u00edelsd\u00f3ttir, ritari. Varama\u00f0ur Hildur \u00de\u00f3risd\u00f3ttir Sesselja Hl\u00edn J\u00f3nasard\u00f3ttir. Varama\u00f0ur Gar\u00f0ar Bachmann \u00de\u00f3r\u00f0arson Anna Eyj\u00f3lfsd\u00f3ttir, forma\u00f0ur S\u00cdM. Varama\u00f0ur Erling J\u00f3hannesson, forseti B\u00cdL Tumi Magn\u00fasson. Varama\u00f0ur Mark\u00fas \u00de\u00f3r Andr\u00e9sson Previous boards 2017-2020 Au\u00f0ur J\u00f6rundsd\u00f3ttir, chairman.\u00a0Alternate Gunnhildur Hauksd\u00f3ttir [\u2026] <\/p>\n<div class=\"clear\"><\/div>\n<p><a class=\"more_link clearfix\" href=\"https:\/\/archive.skaftfell.is\/en\/skaftfell\/the-board-and-annual-reports\/\" rel=\"nofollow\">Read More<\/a><\/p>\n","protected":false},"author":7,"featured_media":0,"parent":8213,"menu_order":0,"comment_status":"closed","ping_status":"closed","template":"","meta":{"footnotes":""},"class_list":["post-14617","page","type-page","status-publish","hentry"],"_links":{"self":[{"href":"https:\/\/archive.skaftfell.is\/en\/wp-json\/wp\/v2\/pages\/14617"}],"collection":[{"href":"https:\/\/archive.skaftfell.is\/en\/wp-json\/wp\/v2\/pages"}],"about":[{"href":"https:\/\/archive.skaftfell.is\/en\/wp-json\/wp\/v2\/types\/page"}],"author":[{"embeddable":true,"href":"https:\/\/archive.skaftfell.is\/en\/wp-json\/wp\/v2\/users\/7"}],"replies":[{"embeddable":true,"href":"https:\/\/archive.skaftfell.is\/en\/wp-json\/wp\/v2\/comments?post=14617"}],"version-history":[{"count":0,"href":"https:\/\/archive.skaftfell.is\/en\/wp-json\/wp\/v2\/pages\/14617\/revisions"}],"up":[{"embeddable":true,"href":"https:\/\/archive.skaftfell.is\/en\/wp-json\/wp\/v2\/pages\/8213"}],"wp:attachment":[{"href":"https:\/\/archive.skaftfell.is\/en\/wp-json\/wp\/v2\/media?parent=14617"}],"curies":[{"name":"wp","href":"https:\/\/api.w.org\/{rel}","templated":true}]}}