{"id":15598,"date":"2019-09-13T10:55:05","date_gmt":"2019-09-13T10:55:05","guid":{"rendered":"https:\/\/archive.skaftfell.is\/?page_id=15598"},"modified":"2023-04-01T05:11:48","modified_gmt":"2023-04-01T05:11:48","slug":"artist-residencies","status":"publish","type":"page","link":"https:\/\/archive.skaftfell.is\/en\/artist-residencies\/","title":{"rendered":"Artist residencies"},"content":{"rendered":"\r\n<p>&nbsp;<\/p>\r\n<p><strong>About the Skaftfell Residency Program<\/strong><\/p>\r\n\r\n\r\n\r\n<p>The residency program at Skaftfell creates an environment for inspiration, focus, and experimentation. It allows artists to experience life and work in a unique community where creativity is applied to the everyday and offers conditions that enrich the dialogue between art and life.\u00a0Almost 300 artists have come to Sey\u00f0isfj\u00f6r\u00f0ur through the Skaftfell residency program since it started in 2005. Some have left a physical trace behind, or a trace in someone\u2019s memory. Some have returned many times, and some have stayed for good. Skaftfell is far from the\u00a0busy centers of contemporary art, and offers a refuge, a hiding place, and a thinking space for artists and other creative practitioners.\u00a0We encourage artists in residence to embrace the idea of a slow residency, and to allow themselves time for contemplation, preparing the ground for a shift\u00a0in their practices. The program is suited to visual artists, artists with interdisciplinary practices, curators and art writers.\u00a0<\/p>\r\n\r\n\r\n\r\n<figure class=\"wp-block-image\"><img loading=\"lazy\" decoding=\"async\" width=\"840\" height=\"320\" class=\"wp-image-14146\" src=\"https:\/\/archive.skaftfell.is\/wp-content\/uploads\/2000\/06\/residency_skaftfell_840.jpg\" alt=\"\" srcset=\"https:\/\/archive.skaftfell.is\/wp-content\/uploads\/2000\/06\/residency_skaftfell_840.jpg 840w, https:\/\/archive.skaftfell.is\/wp-content\/uploads\/2000\/06\/residency_skaftfell_840-150x57.jpg 150w, https:\/\/archive.skaftfell.is\/wp-content\/uploads\/2000\/06\/residency_skaftfell_840-250x95.jpg 250w, https:\/\/archive.skaftfell.is\/wp-content\/uploads\/2000\/06\/residency_skaftfell_840-768x293.jpg 768w, https:\/\/archive.skaftfell.is\/wp-content\/uploads\/2000\/06\/residency_skaftfell_840-500x190.jpg 500w, https:\/\/archive.skaftfell.is\/wp-content\/uploads\/2000\/06\/residency_skaftfell_840-144x55.jpg 144w, https:\/\/archive.skaftfell.is\/wp-content\/uploads\/2000\/06\/residency_skaftfell_840-800x305.jpg 800w, https:\/\/archive.skaftfell.is\/wp-content\/uploads\/2000\/06\/residency_skaftfell_840-580x221.jpg 580w\" sizes=\"(max-width: 840px) 100vw, 840px\" \/><\/figure>\r\n\r\n\r\n\r\n<p>Skaftfell offers two types of artist residency:\u00a0\u201eself-directed\u201c and \u201ethematic\u201c.<\/p>\r\n\r\n\r\n\r\n<p><strong>Self-directed Residencies<\/strong><\/p>\r\n\r\n\r\n\r\n<p>The self-directed residencies are for individual artists and artistic collaborators. They offer quiet time and space for independent research, reflection, and experimentation. Artists are encouraged to use their stay for in-depth inquiries into their work processes and conceptual interests, to enjoy the magnificent nature of Skaftfell\u2019s surroundings as a source of energy and inspiration, to share thoughts with other residency artists, and to work at the interface of art and life, embedded in a small but vibrant rural community. The program is best suited for visual artists, but artists with interdisciplinary practices, curators and art writers are also welcome to apply. The residencies arefor 1\u20133 months within the winter, spring or autumn term. We encourage artists to stay for 2 months or longer, in order to get deeper into the place and their practice here. The program is closed in July and December.<\/p>\r\n\r\n\r\n\r\n<p><strong>Costs for the artist:\u00a0<\/strong>Residency fee, travel costs, project expenses, and meals will be paid by the artist.\u00a0The residency fee covers self-catering accommodation with combined living\/working space, as well as general and PR support from Skaftfell staff. The fee varies according to the chosen type of residency.<\/p>\r\n\r\n\r\n\r\n<p class=\"has-background has-very-light-gray-background-color\"><strong>For more information about the self-directed residencies\u00a0please have a look at the recent\u00a0<a href=\"https:\/\/archive.skaftfell.is\/category\/gestavinnustofur\/air-tilkynningar\/\" target=\"_blank\" rel=\"noreferrer noopener\">Call for Applications<\/a>.<\/strong><\/p>\r\n\r\n\r\n\r\n<p><strong>Thematic Residencies<\/strong><\/p>\r\n\r\n\r\n\r\n<p>Skaftfell\u2019s thematic residencies create platforms for exchange, discussion, and collaboration amongst fellow artists from various disciplines, who share a professional interest in the residency\u2019s topic, both on a practical and a conceptual level, and who wish to deepen their knowledge and expertise. They are developed and led by experienced professional artists invited by Skaftfell. The thematic residencies offer a 3-week intensive program for 6-8 artists, including group workshops, presentations, individual working time, and professional advice and support according to the residency\u2019s topic and structure.<\/p>\r\n\r\n\r\n\r\n<p><strong>Costs for the artist:\u00a0<\/strong>Residency fee, travel costs, and meals will be paid by the artist.\u00a0The residency fee\u00a0includes the scheduled program, shared self-catering accommodation, access to shared working spaces and equipment, basic materials if relevant, access to WiFi, and general and PR support from Skaftfell staff.<strong>\u00a0\u00a0<\/strong><\/p>\r\n\r\n\r\n\r\n<p><strong>Find the current<\/strong> <strong><a href=\"https:\/\/archive.skaftfell.is\/call-for-applications-for-iceland-based-artists-wanderlust-thematic-residency-august-2020\/\" target=\"_blank\" rel=\"noreferrer noopener\">Thematic Residency Call for Applications\u00a0<\/a>here.\u00a0<\/strong><\/p>\r\n<p><b>Accommodation and work spaces:\u00a0<\/b>Artists-in-residence stay in three historical houses\u00a0in the town, all within short walking distance to Skaftfell and to each other. The houses are set up as private or shared self-catering accommodation, each including 2 bedrooms, a combined living and working space, bathroom and kitchen, work tables, washing machine, and WiFi. Click here to see an example: <a href=\"https:\/\/archive.skaftfell.is\/wp-content\/uploads\/2000\/06\/skaftfell.pdf\" target=\"_blank\" rel=\"noopener noreferrer\">Skaftfell artist apartment<\/a><\/p>\r\n<p><strong>Travel<\/strong><br \/>Residency artists make their own travel arrangements to Sey\u00f0isfj\u00f6r\u00f0ur. Travel information can be found\u00a0<strong><a href=\"https:\/\/archive.skaftfell.is\/gestavinnustofur\/travel-information\/\" target=\"_blank\" rel=\"noreferrer noopener\">here<\/a><\/strong><a href=\"https:\/\/archive.skaftfell.is\/gestavinnustofur\/travel-information\/\" target=\"_blank\" rel=\"noreferrer noopener\">.<\/a>\u00a0Skaftfell\u00a0encourages slow travel\u00a0and has\u00a0teamed up with Smyril Line, the international ferry\u00a0from Denmark via Faroe Islands to Sey\u00f0isfj\u00f6r\u00f0ur. We can arrange a discount for artists-in-residence traveling by ferry in the low season.\u00a0<\/p>\r\n\r\n\r\n\r\n<p><strong>Fjord life<\/strong><br \/>Skaftfell aims to improve its environmental sustainability, influenced by its locale. The town is powered by renewable energy, the drinking water comes from the surrounding mountains, and the people of Sey\u00f0isfj\u00f6r\u00f0ur are working towards reducing the use of plastic in the town. Skaftfell\u2019s residency apartments are provided with environmentally friendly and refillable cleaning products, and the staff can assist with access to seasonal local produce including fish, vegetables, and eggs as available. We have three recycled bikes for the residency artists, and are collecting more. Advice on hiking in the beautiful mountains of Sey\u00f0isfj\u00f6r\u00f0ur and other outdoor and sports activities is available through the Skaftfell staff. More <a href=\"https:\/\/archive.skaftfell.is\/en\/general-information\/\" target=\"_blank\" rel=\"noopener noreferrer\"><strong>General Information<\/strong><\/a> here.<\/p>\r\n<p>&nbsp;<\/p>\r\n\r\n\r\n\r\n<h3 class=\"has-text-color has-medium-font-size has-vivid-red-color\"><strong><a href=\"https:\/\/archive.skaftfell.is\/gestavinnustofur\/how-to-apply-for-a-skaftfell-residency\/\">How to apply for a Skaftfell Residency (click here)<\/a><\/strong><\/h3>\r\n<p>&nbsp;<\/p>\r\n\r\n\r\n\r\n<figure class=\"wp-block-image\"><img loading=\"lazy\" decoding=\"async\" width=\"1984\" height=\"725\" class=\"wp-image-14267\" src=\"https:\/\/archive.skaftfell.is\/wp-content\/uploads\/2016\/05\/res_skaftfell.jpg\" alt=\"\" srcset=\"https:\/\/archive.skaftfell.is\/wp-content\/uploads\/2016\/05\/res_skaftfell.jpg 1984w, https:\/\/archive.skaftfell.is\/wp-content\/uploads\/2016\/05\/res_skaftfell-150x55.jpg 150w, https:\/\/archive.skaftfell.is\/wp-content\/uploads\/2016\/05\/res_skaftfell-250x91.jpg 250w, https:\/\/archive.skaftfell.is\/wp-content\/uploads\/2016\/05\/res_skaftfell-768x281.jpg 768w, https:\/\/archive.skaftfell.is\/wp-content\/uploads\/2016\/05\/res_skaftfell-500x183.jpg 500w, https:\/\/archive.skaftfell.is\/wp-content\/uploads\/2016\/05\/res_skaftfell-151x55.jpg 151w, https:\/\/archive.skaftfell.is\/wp-content\/uploads\/2016\/05\/res_skaftfell-1600x585.jpg 1600w, https:\/\/archive.skaftfell.is\/wp-content\/uploads\/2016\/05\/res_skaftfell-800x292.jpg 800w, https:\/\/archive.skaftfell.is\/wp-content\/uploads\/2016\/05\/res_skaftfell-580x212.jpg 580w\" sizes=\"(max-width: 1984px) 100vw, 1984px\" \/><\/figure>\r\n\r\n\r\n\r\n<h4 class=\"wp-block-heading\">For further information email:\u00a0<a>residency(a)archive.skaftfell.is<\/a><\/h4>\r\n","protected":false},"excerpt":{"rendered":"<p>&nbsp; About the Skaftfell Residency Program The residency program at Skaftfell creates an environment for inspiration, focus, and experimentation. It allows artists to experience life and work in a unique community where creativity is applied to the everyday and offers conditions that enrich the dialogue between art and life.\u00a0Almost 300 artists have come to Sey\u00f0isfj\u00f6r\u00f0ur through the Skaftfell residency program since it started in 2005. Some have left a physical trace behind, or a trace in someone\u2019s memory. Some have returned many times, and some have stayed for good. Skaftfell is far from the\u00a0busy centers of contemporary art, and offers [\u2026] <\/p>\n<div class=\"clear\"><\/div>\n<p><a class=\"more_link clearfix\" href=\"https:\/\/archive.skaftfell.is\/en\/artist-residencies\/\" rel=\"nofollow\">Read More<\/a><\/p>\n","protected":false},"author":20,"featured_media":0,"parent":0,"menu_order":0,"comment_status":"closed","ping_status":"closed","template":"","meta":{"footnotes":""},"class_list":["post-15598","page","type-page","status-publish","hentry"],"_links":{"self":[{"href":"https:\/\/archive.skaftfell.is\/en\/wp-json\/wp\/v2\/pages\/15598"}],"collection":[{"href":"https:\/\/archive.skaftfell.is\/en\/wp-json\/wp\/v2\/pages"}],"about":[{"href":"https:\/\/archive.skaftfell.is\/en\/wp-json\/wp\/v2\/types\/page"}],"author":[{"embeddable":true,"href":"https:\/\/archive.skaftfell.is\/en\/wp-json\/wp\/v2\/users\/20"}],"replies":[{"embeddable":true,"href":"https:\/\/archive.skaftfell.is\/en\/wp-json\/wp\/v2\/comments?post=15598"}],"version-history":[{"count":0,"href":"https:\/\/archive.skaftfell.is\/en\/wp-json\/wp\/v2\/pages\/15598\/revisions"}],"wp:attachment":[{"href":"https:\/\/archive.skaftfell.is\/en\/wp-json\/wp\/v2\/media?parent=15598"}],"curies":[{"name":"wp","href":"https:\/\/api.w.org\/{rel}","templated":true}]}}