{"id":18166,"date":"2022-03-29T11:09:37","date_gmt":"2022-03-29T11:09:37","guid":{"rendered":"https:\/\/archive.skaftfell.is\/?page_id=18166"},"modified":"2024-07-15T12:56:21","modified_gmt":"2024-07-15T12:56:21","slug":"residency-program","status":"publish","type":"page","link":"https:\/\/archive.skaftfell.is\/en\/residency-program\/","title":{"rendered":"Residency program"},"content":{"rendered":"<p><img loading=\"lazy\" decoding=\"async\" class=\"alignnone size-full wp-image-25348\" src=\"https:\/\/archive.skaftfell.is\/wp-content\/uploads\/2023\/09\/Skaftfell-Houses-0437_screen.jpg\" alt=\"\" width=\"2000\" height=\"1334\" srcset=\"https:\/\/archive.skaftfell.is\/wp-content\/uploads\/2023\/09\/Skaftfell-Houses-0437_screen.jpg 2000w, https:\/\/archive.skaftfell.is\/wp-content\/uploads\/2023\/09\/Skaftfell-Houses-0437_screen-250x167.jpg 250w, https:\/\/archive.skaftfell.is\/wp-content\/uploads\/2023\/09\/Skaftfell-Houses-0437_screen-500x334.jpg 500w, https:\/\/archive.skaftfell.is\/wp-content\/uploads\/2023\/09\/Skaftfell-Houses-0437_screen-600x400.jpg 600w, https:\/\/archive.skaftfell.is\/wp-content\/uploads\/2023\/09\/Skaftfell-Houses-0437_screen-768x512.jpg 768w, https:\/\/archive.skaftfell.is\/wp-content\/uploads\/2023\/09\/Skaftfell-Houses-0437_screen-1536x1025.jpg 1536w, https:\/\/archive.skaftfell.is\/wp-content\/uploads\/2023\/09\/Skaftfell-Houses-0437_screen-800x534.jpg 800w, https:\/\/archive.skaftfell.is\/wp-content\/uploads\/2023\/09\/Skaftfell-Houses-0437_screen-580x387.jpg 580w\" sizes=\"(max-width: 2000px) 100vw, 2000px\" \/><strong><span style=\"color: #3366ff;\">Skaftfell Artist Residency:\u00a0<\/span><\/strong>Skaftfell Art Center offers an international self-directed artist-in-residence program in Sey\u00f0isfj\u00f6r\u00f0ur, a small village located in the East Fjords of Iceland. The residency program\u2019s remote setting provides artists the opportunity to work in relative seclusion in a place that is also home to an international community of working artists. The residency offers space for contemplation, productivity, and collaboration and is ideal for artistic research and experimentation.<\/p>\n<p>Living arrangements range from single residency facilities for living and working, to spaces that can be shared by artists working in pairs or groups whether they are working on a collaborative project or parallel projects.<\/p>\n<p>The residency community is characterised by its context within Iceland\u2019s subarctic climate. Winter brings snowstorms and darkness; the summer months, when the weather is mild the town transform from a quiet village of several hundred residents to a tourist destination. Sey\u00f0isfj\u00f6r\u00f0ur is at once secluded and connected; it harbours the only ferry connection to mainland Europe but the town\u2019s only connection to the nearest town and the ring road is a mountain pass that is often inaccessible in winter. This creates a particular duality isolation and connectedness.<span class=\"Apple-converted-space\">\u00a0<\/span><\/p>\n<p><img loading=\"lazy\" decoding=\"async\" class=\"alignnone size-full wp-image-25350\" src=\"https:\/\/archive.skaftfell.is\/wp-content\/uploads\/2023\/09\/Print-Workshop-0546_screen.jpg\" alt=\"\" width=\"2000\" height=\"1349\" srcset=\"https:\/\/archive.skaftfell.is\/wp-content\/uploads\/2023\/09\/Print-Workshop-0546_screen.jpg 2000w, https:\/\/archive.skaftfell.is\/wp-content\/uploads\/2023\/09\/Print-Workshop-0546_screen-250x169.jpg 250w, https:\/\/archive.skaftfell.is\/wp-content\/uploads\/2023\/09\/Print-Workshop-0546_screen-500x337.jpg 500w, https:\/\/archive.skaftfell.is\/wp-content\/uploads\/2023\/09\/Print-Workshop-0546_screen-600x405.jpg 600w, https:\/\/archive.skaftfell.is\/wp-content\/uploads\/2023\/09\/Print-Workshop-0546_screen-768x518.jpg 768w, https:\/\/archive.skaftfell.is\/wp-content\/uploads\/2023\/09\/Print-Workshop-0546_screen-1536x1036.jpg 1536w, https:\/\/archive.skaftfell.is\/wp-content\/uploads\/2023\/09\/Print-Workshop-0546_screen-800x540.jpg 800w, https:\/\/archive.skaftfell.is\/wp-content\/uploads\/2023\/09\/Print-Workshop-0546_screen-580x391.jpg 580w\" sizes=\"(max-width: 2000px) 100vw, 2000px\" \/><\/p>\n<p><b><span style=\"color: #3366ff;\">For whom:<\/span> <\/b>Artists working in all media. Solo residencies, duo residency and group residencies up to 3 people.<\/p>\n<p><span style=\"color: #3366ff;\"><b>Accommodations and work space: <\/b><\/span>The artists will stay in two buildings in town within walking distance from the Skaftfell Art Center. Each house offers private rooms and accommodations for cooking and shared living and working spaces. Each accommodating 1-3 artists at a time. One of the apartments is situated above the newly established collaborative fine art print workshop Prentverk Sey\u00f0isfj\u00f6r\u00f0ur, which Skaftfell is a part of. The workshop offers professional printmaking facilities with space and equipment for silkscreen, intaglio (linocut, woodcut, etching), letter-press and various hand printing techniques. For an additional fee artist also have the possibility to work in the net factory, a collective studio space hosting the LungA School studio\u2019s as well as a few local artists.<\/p>\n<p><b><span style=\"color: #3366ff;\">Community involvement:<\/span> <\/b>Artists have an opportunity to present their work in an open studio, artist talk or host a workshop. We encourage and assist artists to participate and present their work to the community.<\/p>\n<p><span style=\"color: #3366ff;\"><b>Duration:<\/b>\u00a0<\/span><span style=\"color: #3366ff;\">6 \/ 12 weeks<\/span><\/p>\n<p><b style=\"color: #3366ff;\">Cost: <\/b><span class=\"s1\">Residency fee, travel cost, project expenses, art supplies, and meals are paid by the artist. The fee includes access to the print workshop support from Skaftfell staff. <\/span><\/p>\n<ul>\n<li><span class=\"s1\">6 week solo residency with shared living- and workspace accommodation with private bedroom 130.000 ISK<\/span><\/li>\n<li><span class=\"s1\">6 week group residency up to 3 artists applying together with a collaborative project sharing a living and working space with private bedrooms 180.000 ISK<\/span><\/li>\n<li><span class=\"s1\">6 week solo residency with private accommodation, ideal for families f.ex 180.000 ISK<br \/>\n<\/span><\/li>\n<li><span class=\"s1\">12 week solo residency with shared living- and workspace accommodation with private bedroom 240.000 ISK<\/span><\/li>\n<li><span class=\"s1\">12 week group residency up to 3 artists applying together with a collaborative project sharing a living and working space with private bedrooms 320.000 ISK<\/span><\/li>\n<li><span class=\"s1\"><span class=\"s1\"><span class=\"s1\">12 week solo residency with private accommodation, ideal for families f.ex 320.000 ISK<\/span><\/span><\/span>&nbsp;\n<p><b>Selection: <\/b>The applications will be reviewed by a panel of two art professionals as well as Skaftfell&#8217;s director and residency manager. Criteria: the artistic quality of the applicant\u2019s proposal; local relevance and potential synergy; the practical feasibility of the working proposal; evidence of the applicant\u2019s ability to work independently on a professional level. To ensure non-discrimination and equality in our residency selections, we emphasise inclusion based on race, gender, and identity.<\/p>\n<h3>\nThe open call for the Skaftfell residency program 2025 is closed<\/h3>\n<\/li>\n<\/ul>\n","protected":false},"excerpt":{"rendered":"<p>Skaftfell Artist Residency:\u00a0Skaftfell Art Center offers an international self-directed artist-in-residence program in Sey\u00f0isfj\u00f6r\u00f0ur, a small village located in the East Fjords of Iceland. The residency program\u2019s remote setting provides artists the opportunity to work in relative seclusion in a place that is also home to an international community of working artists. The residency offers space for contemplation, productivity, and collaboration and is ideal for artistic research and experimentation. Living arrangements range from single residency facilities for living and working, to spaces that can be shared by artists working in pairs or groups whether they are working on a collaborative project [\u2026] <\/p>\n<div class=\"clear\"><\/div>\n<p><a class=\"more_link clearfix\" href=\"https:\/\/archive.skaftfell.is\/en\/residency-program\/\" rel=\"nofollow\">Read More<\/a><\/p>\n","protected":false},"author":20,"featured_media":0,"parent":0,"menu_order":0,"comment_status":"closed","ping_status":"closed","template":"","meta":{"footnotes":""},"class_list":["post-18166","page","type-page","status-publish","hentry"],"_links":{"self":[{"href":"https:\/\/archive.skaftfell.is\/en\/wp-json\/wp\/v2\/pages\/18166"}],"collection":[{"href":"https:\/\/archive.skaftfell.is\/en\/wp-json\/wp\/v2\/pages"}],"about":[{"href":"https:\/\/archive.skaftfell.is\/en\/wp-json\/wp\/v2\/types\/page"}],"author":[{"embeddable":true,"href":"https:\/\/archive.skaftfell.is\/en\/wp-json\/wp\/v2\/users\/20"}],"replies":[{"embeddable":true,"href":"https:\/\/archive.skaftfell.is\/en\/wp-json\/wp\/v2\/comments?post=18166"}],"version-history":[{"count":0,"href":"https:\/\/archive.skaftfell.is\/en\/wp-json\/wp\/v2\/pages\/18166\/revisions"}],"wp:attachment":[{"href":"https:\/\/archive.skaftfell.is\/en\/wp-json\/wp\/v2\/media?parent=18166"}],"curies":[{"name":"wp","href":"https:\/\/api.w.org\/{rel}","templated":true}]}}