{"id":18788,"date":"2022-11-02T14:59:59","date_gmt":"2022-11-02T14:59:59","guid":{"rendered":"https:\/\/archive.skaftfell.is\/?page_id=18788"},"modified":"2022-12-13T10:57:03","modified_gmt":"2022-12-13T10:57:03","slug":"gardening-of-soul-in-five-chapters","status":"publish","type":"page","link":"https:\/\/archive.skaftfell.is\/en\/projects\/gardening-of-soul-in-five-chapters\/","title":{"rendered":"Gardening of Soul: In Five Chapters, 2022-2024"},"content":{"rendered":"<p>Skaftfell participates in the international project\u00a0<strong>Gardening of Soul: In Five Chapters<\/strong>, led by the <a href=\"http:\/\/www.fud.ujep.cz\" target=\"_blank\" rel=\"noopener\">Faculty of Art and Design at\u00a0Jan Evangelista Purkyne University<\/a> and <a href=\"https:\/\/duul.cz\/en\/usti-nad-labem\/\" target=\"_blank\" rel=\"noopener\">House of Arts,<\/a>\u00a0\u00dasti nad Labem, Czech Republic. The 3-year project is funded by the <a href=\"https:\/\/eeagrants.org\/about-us\" target=\"_blank\" rel=\"noopener\">EEA Iceland Liechtenstein Norway Grants<\/a> from 2022 to 2024.<\/p>\n<p>Our project partners include four non-profit organisations working with community building art practices in the Czech Republic:<\/p>\n<p><span lang=\"CS\"><span lang=\"CS\">Dobrovolnick\u00e9 centrum (The Volunteer Center in \u00dasti nad Labem);\u00a0<\/span><\/span><span lang=\"CS\"><span lang=\"CS\">Domov Velk\u00e9 B\u0159ezno (The Velk\u00e9\u00a0<\/span><\/span>B\u0159ezno Care Home, <span lang=\"CS\">\u00dasti nad Labem);\u00a0<\/span><span lang=\"CS\"><span lang=\"CS\">\u010clov\u011bk v t\u00edsni (<\/span><\/span>People in Need);\u00a0<span lang=\"CS\"><span lang=\"CS\">Z\u00e1kladn\u00ed um\u011bleck\u00e1 \u0161kola, Most (The\u00a0<\/span><\/span>Elementary School of Art, City of Most)<\/p>\n<div><\/div>\n<p>as well as nine other art organizations from across the world:<\/p>\n<p><a href=\"https:\/\/rotor.mur.at\/\" target=\"_blank\" rel=\"noopener\">&lt;rotor&gt; center for contemporary art<\/a>, Graz, Austria; <a href=\"https:\/\/www.galum.hr\/\" target=\"_blank\" rel=\"noopener\">Museum of Fine Arts<\/a>, Split, Croatia; <a href=\"https:\/\/mgallery.kharkov.ua\/\" target=\"_blank\" rel=\"noopener\">Kharkiv Municipal Gallery<\/a>, Ukraine; <a href=\"https:\/\/www2.cortland.edu\/dowd-gallery\/\" target=\"_blank\" rel=\"noopener\">Dowd Gallery, SUNY Cortland<\/a>, USA; <a href=\"http:\/\/www.schafhof-kuenstlerhaus.de\" target=\"_blank\" rel=\"noopener\">Schafhof \u2013 European Center for Art<\/a>, Freising, Germany; <a href=\"https:\/\/thetrinitysession.com\" target=\"_blank\" rel=\"noopener\">The Trinity Session<\/a>, Johannesburg, South Africa; <a href=\"https:\/\/kunstmeranoarte.org\" target=\"_blank\" rel=\"noopener\">Kunst Meran Merano Arte<\/a>, Merano, Italy; PRECEDEE, Hong Kong.<\/p>\n<p><strong>Gardening of Soul: In Five Chapters<\/strong> explores the agency of public artworks that engage in community building and place making. The project is particularly interested in the interactive and artistic processes bringing these artworks to life, which could be seen as forms of gardening \u2013 involving caretaking, listening, placing, growing, activating, maintaining. Outcomes of the project will include two exhibitions at House of Arts, a series of artist residencies and art commissions, a conference and a publication. Skaftfell will welcome two residency artists from Czech Republic in 2022 and 2023 and will select one Iceland-based artist who will join the residency program at House of Arts, creating a public artwork in the context of the project.<\/p>\n<p><strong>Recent project activities:<\/strong><\/p>\n<p>October 2022: Curator Ad\u00e9la Machov\u00e1 and artist Jan\u00a0Krti\u010dka\u00a0visit Skaftfell as representatives of the Jan Evangelista Purkyne University. Collectively we worked on Skaftfell&#8217;s contributions to the project&#8217;s first exhibition in House of Arts in December 2022, and on artist residencies and art commissions planned in the context of the project.<\/p>\n<p>October\/November 2022: Jan\u00a0Krti\u010dka\u00a0joins the Skaftfell residency program as artist in residence, developing his research on a new sound based artwork with recordings from Iceland.<\/p>\n<p>November 9, 2022: Artist talk by Jan\u00a0Krti\u010dka at Skaftfell<\/p>\n<p>December 5-9, 2022: Visit of Skaftfell&#8217;s project manager to \u00dasti nad Labem. Work meeting with the other project partners and opening of the first exhibition on December 7.<\/p>\n<p>Dec 7, 2022 &#8211; Feb 2023: <a href=\"https:\/\/archive.skaftfell.is\/en\/gardening-of-soul-introduction-exhibition-at-house-of-arts-usti-nad-labem\/\" target=\"_blank\" rel=\"noopener\">Exhibition at House of Arts &#8220;Gardening of Soul: An Introduction&#8221;<\/a>. Skaftfell participates with two installations, one documenting the interactive sound sculpture Tv\u00eds\u00f6ngur by Lukas K\u00fchne (2012), including photographs by Gu\u00f0mundur Oddur Magn\u00fason (Goddur), a visual simulation by Oliver McIntyre, a text by Lukas K\u00fchne\u00a0and a sound piece by Jan Krti\u010dka, recorded within Tv\u00eds\u00f6ngur in collaboration with the musicians Joanna Skowronska and Rafal Kolacki. The second installation presents a book documenting the first ten years of the participatory art project Hafnargar\u00f0ur Community Garden in Sey\u00f0isfj\u00f6r\u00f0ur (2012 &#8211; ongoing). Images can be found <a href=\"https:\/\/archive.skaftfell.is\/en\/gardening-of-soul-introduction-exhibition-at-house-of-arts-usti-nad-labem\/\" target=\"_blank\" rel=\"noopener\">here<\/a>.<\/p>\n<p>More about Gardening of Soul can be found on the project&#8217;s website: <a href=\"http:\/\/www.gardeningofsoul.com\" target=\"_blank\" rel=\"noopener\">http:\/\/www.gardeningofsoul.com<\/a><\/p>\n<p><img loading=\"lazy\" decoding=\"async\" class=\"wp-image-18794 alignleft\" src=\"https:\/\/archive.skaftfell.is\/wp-content\/uploads\/2022\/11\/EEA-500x396.jpg\" alt=\"\" width=\"110\" height=\"87\" srcset=\"https:\/\/archive.skaftfell.is\/wp-content\/uploads\/2022\/11\/EEA-500x396.jpg 500w, https:\/\/archive.skaftfell.is\/wp-content\/uploads\/2022\/11\/EEA-250x198.jpg 250w, https:\/\/archive.skaftfell.is\/wp-content\/uploads\/2022\/11\/EEA-150x119.jpg 150w, https:\/\/archive.skaftfell.is\/wp-content\/uploads\/2022\/11\/EEA-768x609.jpg 768w, https:\/\/archive.skaftfell.is\/wp-content\/uploads\/2022\/11\/EEA-800x634.jpg 800w, https:\/\/archive.skaftfell.is\/wp-content\/uploads\/2022\/11\/EEA-580x460.jpg 580w, https:\/\/archive.skaftfell.is\/wp-content\/uploads\/2022\/11\/EEA.jpg 1432w\" sizes=\"(max-width: 110px) 100vw, 110px\" \/><\/p>\n","protected":false},"excerpt":{"rendered":"<p>Skaftfell participates in the international project\u00a0Gardening of Soul: In Five Chapters, led by the Faculty of Art and Design at\u00a0Jan Evangelista Purkyne University and House of Arts,\u00a0\u00dasti nad Labem, Czech Republic. The 3-year project is funded by the EEA Iceland Liechtenstein Norway Grants from 2022 to 2024. Our project partners include four non-profit organisations working with community building art practices in the Czech Republic: Dobrovolnick\u00e9 centrum (The Volunteer Center in \u00dasti nad Labem);\u00a0Domov Velk\u00e9 B\u0159ezno (The Velk\u00e9\u00a0B\u0159ezno Care Home, \u00dasti nad Labem);\u00a0\u010clov\u011bk v t\u00edsni (People in Need);\u00a0Z\u00e1kladn\u00ed um\u011bleck\u00e1 \u0161kola, Most (The\u00a0Elementary School of Art, City of Most) as well as [\u2026] <\/p>\n<div class=\"clear\"><\/div>\n<p><a class=\"more_link clearfix\" href=\"https:\/\/archive.skaftfell.is\/en\/projects\/gardening-of-soul-in-five-chapters\/\" rel=\"nofollow\">Read More<\/a><\/p>\n","protected":false},"author":20,"featured_media":18796,"parent":9312,"menu_order":0,"comment_status":"closed","ping_status":"closed","template":"","meta":{"footnotes":""},"class_list":["post-18788","page","type-page","status-publish","has-post-thumbnail","hentry"],"_links":{"self":[{"href":"https:\/\/archive.skaftfell.is\/en\/wp-json\/wp\/v2\/pages\/18788"}],"collection":[{"href":"https:\/\/archive.skaftfell.is\/en\/wp-json\/wp\/v2\/pages"}],"about":[{"href":"https:\/\/archive.skaftfell.is\/en\/wp-json\/wp\/v2\/types\/page"}],"author":[{"embeddable":true,"href":"https:\/\/archive.skaftfell.is\/en\/wp-json\/wp\/v2\/users\/20"}],"replies":[{"embeddable":true,"href":"https:\/\/archive.skaftfell.is\/en\/wp-json\/wp\/v2\/comments?post=18788"}],"version-history":[{"count":0,"href":"https:\/\/archive.skaftfell.is\/en\/wp-json\/wp\/v2\/pages\/18788\/revisions"}],"up":[{"embeddable":true,"href":"https:\/\/archive.skaftfell.is\/en\/wp-json\/wp\/v2\/pages\/9312"}],"wp:featuredmedia":[{"embeddable":true,"href":"https:\/\/archive.skaftfell.is\/en\/wp-json\/wp\/v2\/media\/18796"}],"wp:attachment":[{"href":"https:\/\/archive.skaftfell.is\/en\/wp-json\/wp\/v2\/media?parent=18788"}],"curies":[{"name":"wp","href":"https:\/\/api.w.org\/{rel}","templated":true}]}}