{"id":8223,"date":"2016-03-01T08:50:17","date_gmt":"2016-03-01T08:50:17","guid":{"rendered":"http:\/\/skaftfell.avistaserver.com\/?page_id=8223&#038;lang=en"},"modified":"2018-01-24T15:05:30","modified_gmt":"2018-01-24T15:05:30","slug":"board","status":"publish","type":"page","link":"https:\/\/archive.skaftfell.is\/en\/skaftfell\/about-skaftfell\/board\/","title":{"rendered":"The Board"},"content":{"rendered":"<h3>2017-2020<\/h3>\n<p style=\"padding-left: 30px;\">&#8211; Au\u00f0ur J\u00f6rundsd\u00f3ttir. Alternate: Gunnhildur Hauksd\u00f3ttir<br \/>\n&#8211; Svava L\u00e1rusd\u00f3ttir, secretary. Alternate: Vilhj\u00e1lmur J\u00f3nsson<br \/>\n&#8211; J\u00f6kull Sn\u00e6r \u00de\u00f3r\u00f0arson. Alternate: J\u00fal\u00edana Bj\u00f6rk Gar\u00f0arsd\u00f3ttir<br \/>\n&#8211; J\u00f3na Hl\u00edf Halld\u00f3rsd\u00f3ttir, chairman of S\u00cdM. Alternate: Kolbr\u00fan Halld\u00f3rsd\u00f3ttir, president of B\u00cdL<br \/>\n&#8211; Fr\u00ed\u00f0a Bj\u00f6rk Ingvarsd\u00f3ttir. Alternate: Mark\u00fas \u00de\u00f3r Andr\u00e9sson<\/p>\n<h3>2014-2017<\/h3>\n<p style=\"padding-left: 30px;\">&#8211; Hanna Christel Sigurkarlsd\u00f3ttir, chairman. Alternate: Gunnhildur Hauksd\u00f3ttir<br \/>\n&#8211; Svava L\u00e1rusd\u00f3ttir, secretary. Alternate: Vilhj\u00e1lmur J\u00f3nsson<br \/>\n&#8211; Gr\u00e9ta Gar\u00f0arsd\u00f3ttir. Alternate: J\u00f6kull Sn\u00e6r \u00de\u00f3r\u00f0arson<br \/>\n&#8211; J\u00f3na Hl\u00edf Halld\u00f3rsd\u00f3ttir, chairman of S\u00cdM. Alternate: Kolbr\u00fan Halld\u00f3rsd\u00f3ttir, president of B\u00cdL<br \/>\n&#8211; Fr\u00ed\u00f0a Bj\u00f6rk Ingvarsd\u00f3ttir. Alternate: Mark\u00fas \u00de\u00f3r Andr\u00e9sson<\/p>\n<h3>2011-2014<\/h3>\n<p style=\"padding-left: 30px;\">&#8211; Hanna Christel Sigurkarlsd\u00f3ttir, chairman. Alternate: \u00d3lafur \u00d6rn P\u00e9tursson<br \/>\n&#8211; Svava\u00a0 L\u00e1rusd\u00f3ttir, vice-chairman and cashier. Alternate: Vilhj\u00e1lmur J\u00f3nsson<br \/>\n&#8211; Helgi \u00d6rn P\u00e9tursson, secretary. Alternate: Gar\u00f0ar Backman<br \/>\n&#8211; Hrafnhildur Sigur\u00f0ard\u00f3ttir. Alternate: \u00c1sta \u00d3lafsd\u00f3ttir<br \/>\n&#8211; Dan\u00edel Karl Bj\u00f6rnsson. Alternate: A\u00f0alhei\u00f0ur Borg\u00fe\u00f3rsd\u00f3ttir<\/p>\n<h3>2008-2011<\/h3>\n<p style=\"padding-left: 30px;\">&#8211; Dan\u00edel Bj\u00f6rnsson, chairman. Alternate: Eggert Einarsson<br \/>\n&#8211; Hildigunnur Birgisd\u00f3ttir, vice-chairman. Alternate: Hanna Christel Sigurkarlsd\u00f3ttir<br \/>\n&#8211; Mar\u00eda Gaskell. Alternate: J\u00f3n \u00d3skar<br \/>\n&#8211; Helgi \u00d6rn P\u00e9tursson. Alternate: Goddur<br \/>\n&#8211; Elva Hl\u00edn P\u00e9tursd\u00f3ttir. Alternate: Klas Poulsen<\/p>\n","protected":false},"excerpt":{"rendered":"<p>2017-2020 &#8211; Au\u00f0ur J\u00f6rundsd\u00f3ttir. Alternate: Gunnhildur Hauksd\u00f3ttir &#8211; Svava L\u00e1rusd\u00f3ttir, secretary. Alternate: Vilhj\u00e1lmur J\u00f3nsson &#8211; J\u00f6kull Sn\u00e6r \u00de\u00f3r\u00f0arson. Alternate: J\u00fal\u00edana Bj\u00f6rk Gar\u00f0arsd\u00f3ttir &#8211; J\u00f3na Hl\u00edf Halld\u00f3rsd\u00f3ttir, chairman of S\u00cdM. Alternate: Kolbr\u00fan Halld\u00f3rsd\u00f3ttir, president of B\u00cdL &#8211; Fr\u00ed\u00f0a Bj\u00f6rk Ingvarsd\u00f3ttir. Alternate: Mark\u00fas \u00de\u00f3r Andr\u00e9sson 2014-2017 &#8211; Hanna Christel Sigurkarlsd\u00f3ttir, chairman. Alternate: Gunnhildur Hauksd\u00f3ttir &#8211; Svava L\u00e1rusd\u00f3ttir, secretary. Alternate: Vilhj\u00e1lmur J\u00f3nsson &#8211; Gr\u00e9ta Gar\u00f0arsd\u00f3ttir. Alternate: J\u00f6kull Sn\u00e6r \u00de\u00f3r\u00f0arson &#8211; J\u00f3na Hl\u00edf Halld\u00f3rsd\u00f3ttir, chairman of S\u00cdM. Alternate: Kolbr\u00fan Halld\u00f3rsd\u00f3ttir, president of B\u00cdL &#8211; Fr\u00ed\u00f0a Bj\u00f6rk Ingvarsd\u00f3ttir. Alternate: Mark\u00fas \u00de\u00f3r Andr\u00e9sson 2011-2014 &#8211; Hanna Christel Sigurkarlsd\u00f3ttir, chairman. Alternate: \u00d3lafur \u00d6rn P\u00e9tursson &#8211; Svava\u00a0 L\u00e1rusd\u00f3ttir, [\u2026] <\/p>\n<div class=\"clear\"><\/div>\n<p><a class=\"more_link clearfix\" href=\"https:\/\/archive.skaftfell.is\/en\/skaftfell\/about-skaftfell\/board\/\" rel=\"nofollow\">Read More<\/a><\/p>\n","protected":false},"author":7,"featured_media":0,"parent":15669,"menu_order":2,"comment_status":"open","ping_status":"closed","template":"","meta":{"footnotes":""},"class_list":["post-8223","page","type-page","status-publish","hentry"],"_links":{"self":[{"href":"https:\/\/archive.skaftfell.is\/en\/wp-json\/wp\/v2\/pages\/8223"}],"collection":[{"href":"https:\/\/archive.skaftfell.is\/en\/wp-json\/wp\/v2\/pages"}],"about":[{"href":"https:\/\/archive.skaftfell.is\/en\/wp-json\/wp\/v2\/types\/page"}],"author":[{"embeddable":true,"href":"https:\/\/archive.skaftfell.is\/en\/wp-json\/wp\/v2\/users\/7"}],"replies":[{"embeddable":true,"href":"https:\/\/archive.skaftfell.is\/en\/wp-json\/wp\/v2\/comments?post=8223"}],"version-history":[{"count":0,"href":"https:\/\/archive.skaftfell.is\/en\/wp-json\/wp\/v2\/pages\/8223\/revisions"}],"up":[{"embeddable":true,"href":"https:\/\/archive.skaftfell.is\/en\/wp-json\/wp\/v2\/pages\/15669"}],"wp:attachment":[{"href":"https:\/\/archive.skaftfell.is\/en\/wp-json\/wp\/v2\/media?parent=8223"}],"curies":[{"name":"wp","href":"https:\/\/api.w.org\/{rel}","templated":true}]}}