{"id":8248,"date":"2016-03-01T09:21:38","date_gmt":"2016-03-01T09:21:38","guid":{"rendered":"http:\/\/skaftfell.avistaserver.com\/?page_id=8248&#038;lang=en"},"modified":"2021-06-08T12:31:19","modified_gmt":"2021-06-08T12:31:19","slug":"the-dieter-roth-academy","status":"publish","type":"page","link":"https:\/\/archive.skaftfell.is\/en\/skaftfell\/the-dieter-roth-academy\/","title":{"rendered":"The Dieter Roth Academy"},"content":{"rendered":"<p>The Dieter Roth Academy consists of friends and co-workers of the late Swiss artist Dieter Roth (1930-1998). The Academy has its address at Skaftfell in Sey\u00f0isfj\u00f6r\u00f0ur, Iceland. The Academy is not a formal institute. Instead, prospective students can get into contact with any of its professors and thereby be accepted as students of the Academy.<\/p>\n<h3>Professors of the Dieter Roth Academy<\/h3>\n<p style=\"padding-left: 30px;\">Eggert Einarsson &#8211; Reykjav\u00edk<br \/>\nKristj\u00e1n Gu\u00f0mundsson &#8211; Reykjav\u00edk<br \/>\nSigur\u00f0ur Gu\u00f0mundsson &#8211; China<br \/>\nGunnar Helgason &#8211; Reykjav\u00edk<br \/>\nDorothy Iannone &#8211; Berlin<br \/>\nBernd Koberling &#8211; Berlin<br \/>\nP\u00e9tur Kristj\u00e1nsson &#8211; Sey\u00f0isfj\u00f6r\u00f0ur<br \/>\nRainer und Agnes Pretzell &#8211; Abaliget<br \/>\nBj\u00f6rn Roth &#8211; Basel<br \/>\nAndrea Tippel &#8211; Berlin<br \/>\nR\u00fana Thorkelsd\u00f3ttir &#8211; Amsterdam<br \/>\nHenri\u00ebtte van Egten &#8211; Amsterdam<br \/>\nJan Voss &#8211; Amsterdam<br \/>\nTom Wasmuth \u2013 New Mexico<\/p>\n<h3>Dieter Roth (1930-1998)<\/h3>\n<p dir=\"ltr\">Dieter Roth was born 1930 in Hanover, to German-Swiss parents. He went to school in Z\u00fcrich from 1943 onwards. 1947-1951 he learned graphics and lithography at the Berner Kunstgewerbeschule. During this period he made his first contacts with other artists like Daniel Spoerri, Marcel Wyss and Franz Eggenschwiler.<\/p>\n<p dir=\"ltr\">Dieter was a co-founder and co-editor of the journal \u201cSpirale\u201d (1953-) which specializes in literature, theoretical texts and Druckgraphik. He worked as a designer and advertisement graphic designer (Werbegestalter) in Basel, Bern, Copenhagen and New York. In 1957, Dieter Roth moved to Iceland.<\/p>\n<p dir=\"ltr\">His work in the 1950s is characterized as \u201cconstructive\u201d. An exhibition of Jean Tinguely in Basel (1960) deeply impressed Roth and led to a change in his approach. Representative for this period of change are the two works \u201c14 Zeitungs-Illustrationen\u201d (1963\/64) and the first \u201cLiteraturwurst\u201d (1961). During this time Roth created a large number of book objects in which newspapers are integrated as material.<\/p>\n<p dir=\"ltr\">For the work following thereafter, found materials are essential. In 1974 Roth created a \u201cLiteraturwurst\u201d out of the 20 volumes that make up the oeuvre of G.W.F. Hegel. He increasingly turned to organic materials, such as spices, fruit, chocolate and sausages, which he enclosed in Plexiglas or plastic foil and left them to rot.<\/p>\n<p dir=\"ltr\">The book medium is inseparably connected with Dieter Roth. His first \u201cKinderbuch\u201d appeared in 1957. In 1971, he edited his collected works together with the Edition Hansj\u00f6rg Mayer. Roth was the co-founder of several publishing companies, such as Dieter Roth\u2019s Verlag, Taucher Verlag, Wasserpresse, Regenverlag. In the late 1970s\/early 1980s, he produced copied diaries, using notebooks from the 1960s.<\/p>\n<p dir=\"ltr\">In the 1980s, Roth took on a more documentary approach. At the same time, his works expanded into space. His installations were arbitrary collections of objects; often they stood in his atelier for years and were constantly changed. During the last decade of his life Dieter Roth spent long periods living and working in Sey\u00f0isfj\u00f6r\u00f0ur. Dieter Roth died from heart failure on June 5th, 1998, in Basel.<\/p>\n<p><a href=\"http:\/\/www.dieter-roth-museum.de\/en\/\" target=\"_blank\" rel=\"noopener\">http:\/\/www.dieter-roth-museum.de\/en\/<\/a><\/p>\n","protected":false},"excerpt":{"rendered":"<p>The Dieter Roth Academy consists of friends and co-workers of the late Swiss artist Dieter Roth (1930-1998). The Academy has its address at Skaftfell in Sey\u00f0isfj\u00f6r\u00f0ur, Iceland. The Academy is not a formal institute. Instead, prospective students can get into contact with any of its professors and thereby be accepted as students of the Academy. Professors of the Dieter Roth Academy Eggert Einarsson &#8211; Reykjav\u00edk Kristj\u00e1n Gu\u00f0mundsson &#8211; Reykjav\u00edk Sigur\u00f0ur Gu\u00f0mundsson &#8211; China Gunnar Helgason &#8211; Reykjav\u00edk Dorothy Iannone &#8211; Berlin Bernd Koberling &#8211; Berlin P\u00e9tur Kristj\u00e1nsson &#8211; Sey\u00f0isfj\u00f6r\u00f0ur Rainer und Agnes Pretzell &#8211; Abaliget Bj\u00f6rn Roth &#8211; Basel Andrea [\u2026] <\/p>\n<div class=\"clear\"><\/div>\n<p><a class=\"more_link clearfix\" href=\"https:\/\/archive.skaftfell.is\/en\/skaftfell\/the-dieter-roth-academy\/\" rel=\"nofollow\">Read More<\/a><\/p>\n","protected":false},"author":7,"featured_media":0,"parent":8213,"menu_order":6,"comment_status":"open","ping_status":"open","template":"","meta":{"footnotes":""},"class_list":["post-8248","page","type-page","status-publish","hentry"],"_links":{"self":[{"href":"https:\/\/archive.skaftfell.is\/en\/wp-json\/wp\/v2\/pages\/8248"}],"collection":[{"href":"https:\/\/archive.skaftfell.is\/en\/wp-json\/wp\/v2\/pages"}],"about":[{"href":"https:\/\/archive.skaftfell.is\/en\/wp-json\/wp\/v2\/types\/page"}],"author":[{"embeddable":true,"href":"https:\/\/archive.skaftfell.is\/en\/wp-json\/wp\/v2\/users\/7"}],"replies":[{"embeddable":true,"href":"https:\/\/archive.skaftfell.is\/en\/wp-json\/wp\/v2\/comments?post=8248"}],"version-history":[{"count":0,"href":"https:\/\/archive.skaftfell.is\/en\/wp-json\/wp\/v2\/pages\/8248\/revisions"}],"up":[{"embeddable":true,"href":"https:\/\/archive.skaftfell.is\/en\/wp-json\/wp\/v2\/pages\/8213"}],"wp:attachment":[{"href":"https:\/\/archive.skaftfell.is\/en\/wp-json\/wp\/v2\/media?parent=8248"}],"curies":[{"name":"wp","href":"https:\/\/api.w.org\/{rel}","templated":true}]}}