{"id":8253,"date":"2016-03-01T09:26:45","date_gmt":"2016-03-01T09:26:45","guid":{"rendered":"http:\/\/skaftfell.avistaserver.com\/?page_id=8253&#038;lang=en"},"modified":"2023-04-25T07:41:49","modified_gmt":"2023-04-25T07:41:49","slug":"the-skaftfell-group","status":"publish","type":"page","link":"https:\/\/archive.skaftfell.is\/en\/skaftfell\/about-skaftfell\/the-skaftfell-group\/","title":{"rendered":"The Skaftfell group"},"content":{"rendered":"<p>The Skaftfell Group is an\u00a0association founded in 1997 with the purpose of advancing the arts in Sey\u00f0isfj\u00f6r\u00f0ur and the eastern region of Iceland. The original members\u00a0founded Skaftfell Art Center as a non-profit\u00a0organisation in 1998.\u00a0The membership\u00a0has since expanded to include many other devoted supporters of Skaftfell.<\/p>\n<p>The Skaftfell Group is officially charged with\u00a0group appointing\u00a0two directors and two alternates\u00a0members to the board of Skaftfell, as well as two alternates. The role\u00a0of the\u00a0Skaftfell Group board appointees\u00a0is to ensure that Skaftfell develops and prospers within the framework of its founding principles\u00a0original idea and in parallel with trends in the international art world.<\/p>\n<p>The Skaftfell Group welcomes new members! The group&#8217;s activities include\u00a0a general meeting held every three years, to coincide with the time to renew the board of Skaftfell,\u00a0as well as other\u00a0meetings held throughout the year,\u00a0with the main purpose of recruiting new members. The board of the group works with the Skaftfell director to further strengthen the group\u2019s activities.<\/p>\n<p>Membership in the Skaftfell Group includes being on a priority mailing list to receive Skaftfell&#8217;s newsletters, as well as invitations to\u00a0exhibition\u00a0openings, artist\u00a0talks, and other events. It also includes a 15% discount\u00a0on books and merchandise.<\/p>\n<p>Membership is\u00a0charged annually, with a suggested fee of\u00a02.000 ISK, which\u00a0is optional. Membership fees help support Skaftfell&#8217;s ongoing activities.<\/p>\n<p>To become a member, please contact the art center at <a href=\"mailto:skaftfell@archive.skaftfell.is\">skaftfell@archive.skaftfell.is<\/a>. To pay membership fees.<\/p>\n","protected":false},"excerpt":{"rendered":"<p>The Skaftfell Group is an\u00a0association founded in 1997 with the purpose of advancing the arts in Sey\u00f0isfj\u00f6r\u00f0ur and the eastern region of Iceland. The original members\u00a0founded Skaftfell Art Center as a non-profit\u00a0organisation in 1998.\u00a0The membership\u00a0has since expanded to include many other devoted supporters of Skaftfell. The Skaftfell Group is officially charged with\u00a0group appointing\u00a0two directors and two alternates\u00a0members to the board of Skaftfell, as well as two alternates. The role\u00a0of the\u00a0Skaftfell Group board appointees\u00a0is to ensure that Skaftfell develops and prospers within the framework of its founding principles\u00a0original idea and in parallel with trends in the international art world. The Skaftfell [\u2026] <\/p>\n<div class=\"clear\"><\/div>\n<p><a class=\"more_link clearfix\" href=\"https:\/\/archive.skaftfell.is\/en\/skaftfell\/about-skaftfell\/the-skaftfell-group\/\" rel=\"nofollow\">Read More<\/a><\/p>\n","protected":false},"author":7,"featured_media":0,"parent":15669,"menu_order":2,"comment_status":"open","ping_status":"closed","template":"","meta":{"footnotes":""},"class_list":["post-8253","page","type-page","status-publish","hentry"],"_links":{"self":[{"href":"https:\/\/archive.skaftfell.is\/en\/wp-json\/wp\/v2\/pages\/8253"}],"collection":[{"href":"https:\/\/archive.skaftfell.is\/en\/wp-json\/wp\/v2\/pages"}],"about":[{"href":"https:\/\/archive.skaftfell.is\/en\/wp-json\/wp\/v2\/types\/page"}],"author":[{"embeddable":true,"href":"https:\/\/archive.skaftfell.is\/en\/wp-json\/wp\/v2\/users\/7"}],"replies":[{"embeddable":true,"href":"https:\/\/archive.skaftfell.is\/en\/wp-json\/wp\/v2\/comments?post=8253"}],"version-history":[{"count":0,"href":"https:\/\/archive.skaftfell.is\/en\/wp-json\/wp\/v2\/pages\/8253\/revisions"}],"up":[{"embeddable":true,"href":"https:\/\/archive.skaftfell.is\/en\/wp-json\/wp\/v2\/pages\/15669"}],"wp:attachment":[{"href":"https:\/\/archive.skaftfell.is\/en\/wp-json\/wp\/v2\/media?parent=8253"}],"curies":[{"name":"wp","href":"https:\/\/api.w.org\/{rel}","templated":true}]}}