{"id":9317,"date":"2016-03-02T22:18:21","date_gmt":"2016-03-02T22:18:21","guid":{"rendered":"http:\/\/skaftfell.avistaserver.com\/?page_id=9317&#038;lang=en"},"modified":"2024-06-04T12:38:22","modified_gmt":"2024-06-04T12:38:22","slug":"bistro","status":"publish","type":"page","link":"https:\/\/archive.skaftfell.is\/en\/bistro\/","title":{"rendered":"Bistro"},"content":{"rendered":"<p><img loading=\"lazy\" decoding=\"async\" class=\"alignnone size-full wp-image-25752\" src=\"https:\/\/archive.skaftfell.is\/wp-content\/uploads\/2024\/06\/DSCF3179-scaled.jpg\" alt=\"\" width=\"2048\" height=\"1365\" srcset=\"https:\/\/archive.skaftfell.is\/wp-content\/uploads\/2024\/06\/DSCF3179-scaled.jpg 2048w, https:\/\/archive.skaftfell.is\/wp-content\/uploads\/2024\/06\/DSCF3179-250x167.jpg 250w, https:\/\/archive.skaftfell.is\/wp-content\/uploads\/2024\/06\/DSCF3179-500x333.jpg 500w, https:\/\/archive.skaftfell.is\/wp-content\/uploads\/2024\/06\/DSCF3179-600x400.jpg 600w, https:\/\/archive.skaftfell.is\/wp-content\/uploads\/2024\/06\/DSCF3179-768x512.jpg 768w, https:\/\/archive.skaftfell.is\/wp-content\/uploads\/2024\/06\/DSCF3179-1536x1024.jpg 1536w, https:\/\/archive.skaftfell.is\/wp-content\/uploads\/2024\/06\/DSCF3179-2000x1333.jpg 2000w, https:\/\/archive.skaftfell.is\/wp-content\/uploads\/2024\/06\/DSCF3179-800x533.jpg 800w, https:\/\/archive.skaftfell.is\/wp-content\/uploads\/2024\/06\/DSCF3179-580x387.jpg 580w\" sizes=\"(max-width: 2048px) 100vw, 2048px\" \/><br \/>\nThe Skaftfell Bistr\u00f3 is located on the first floor of the Skaftfell Art Center, at Austurvegur 42, in Sey\u00f0isfj\u00f6r\u00f0ur. The restaurant offers an innovative menu that reinterprets traditional Icelandic fare with an innovative twist. A section of the restaurant pays homage to the Swiss-German artist Dieter Roth (1930-1998), who lived and worked in Sey\u00f0isfj\u00f6r\u00f0ur at various times in the last decade of his life. In addition to original works by Roth, the restaurant showcases the work of contemporary artists of East Iceland.<\/p>\n<p>http:\/\/skaftfellbistro.is<\/p>\n<p>@skaftfellbistro<\/p>\n<p><img loading=\"lazy\" decoding=\"async\" class=\"alignnone size-full wp-image-25754\" src=\"https:\/\/archive.skaftfell.is\/wp-content\/uploads\/2024\/06\/DSCF3370-scaled.jpg\" alt=\"\" width=\"1365\" height=\"2048\" srcset=\"https:\/\/archive.skaftfell.is\/wp-content\/uploads\/2024\/06\/DSCF3370-scaled.jpg 1365w, https:\/\/archive.skaftfell.is\/wp-content\/uploads\/2024\/06\/DSCF3370-250x375.jpg 250w, https:\/\/archive.skaftfell.is\/wp-content\/uploads\/2024\/06\/DSCF3370-500x750.jpg 500w, https:\/\/archive.skaftfell.is\/wp-content\/uploads\/2024\/06\/DSCF3370-600x900.jpg 600w, https:\/\/archive.skaftfell.is\/wp-content\/uploads\/2024\/06\/DSCF3370-768x1152.jpg 768w, https:\/\/archive.skaftfell.is\/wp-content\/uploads\/2024\/06\/DSCF3370-1024x1536.jpg 1024w, https:\/\/archive.skaftfell.is\/wp-content\/uploads\/2024\/06\/DSCF3370-2000x3000.jpg 2000w, https:\/\/archive.skaftfell.is\/wp-content\/uploads\/2024\/06\/DSCF3370-800x1200.jpg 800w, https:\/\/archive.skaftfell.is\/wp-content\/uploads\/2024\/06\/DSCF3370-580x870.jpg 580w\" sizes=\"(max-width: 1365px) 100vw, 1365px\" \/><\/p>\n","protected":false},"excerpt":{"rendered":"<p>The Skaftfell Bistr\u00f3 is located on the first floor of the Skaftfell Art Center, at Austurvegur 42, in Sey\u00f0isfj\u00f6r\u00f0ur. The restaurant offers an innovative menu that reinterprets traditional Icelandic fare with an innovative twist. A section of the restaurant pays homage to the Swiss-German artist Dieter Roth (1930-1998), who lived and worked in Sey\u00f0isfj\u00f6r\u00f0ur at various times in the last decade of his life. In addition to original works by Roth, the restaurant showcases the work of contemporary artists of East Iceland. http:\/\/skaftfellbistro.is @skaftfellbistro<\/p>\n","protected":false},"author":7,"featured_media":25752,"parent":0,"menu_order":4,"comment_status":"closed","ping_status":"closed","template":"","meta":{"footnotes":""},"class_list":["post-9317","page","type-page","status-publish","has-post-thumbnail","hentry"],"_links":{"self":[{"href":"https:\/\/archive.skaftfell.is\/en\/wp-json\/wp\/v2\/pages\/9317"}],"collection":[{"href":"https:\/\/archive.skaftfell.is\/en\/wp-json\/wp\/v2\/pages"}],"about":[{"href":"https:\/\/archive.skaftfell.is\/en\/wp-json\/wp\/v2\/types\/page"}],"author":[{"embeddable":true,"href":"https:\/\/archive.skaftfell.is\/en\/wp-json\/wp\/v2\/users\/7"}],"replies":[{"embeddable":true,"href":"https:\/\/archive.skaftfell.is\/en\/wp-json\/wp\/v2\/comments?post=9317"}],"version-history":[{"count":0,"href":"https:\/\/archive.skaftfell.is\/en\/wp-json\/wp\/v2\/pages\/9317\/revisions"}],"wp:featuredmedia":[{"embeddable":true,"href":"https:\/\/archive.skaftfell.is\/en\/wp-json\/wp\/v2\/media\/25752"}],"wp:attachment":[{"href":"https:\/\/archive.skaftfell.is\/en\/wp-json\/wp\/v2\/media?parent=9317"}],"curies":[{"name":"wp","href":"https:\/\/api.w.org\/{rel}","templated":true}]}}