{"id":9321,"date":"2016-03-02T22:28:11","date_gmt":"2016-03-02T22:28:11","guid":{"rendered":"http:\/\/skaftfell.avistaserver.com\/?page_id=9321&#038;lang=en"},"modified":"2017-09-11T18:57:39","modified_gmt":"2017-09-11T18:57:39","slug":"tvisongur","status":"publish","type":"page","link":"https:\/\/archive.skaftfell.is\/en\/tvisongur\/","title":{"rendered":"Tv\u00eds\u00f6ngur"},"content":{"rendered":"<p><iframe loading=\"lazy\" src=\"https:\/\/www.youtube.com\/embed\/Nb353uhnmy0\" width=\"560\" height=\"315\" frameborder=\"0\" allowfullscreen=\"allowfullscreen\"><\/iframe><\/p>\n<p>The sound sculpture Tvis\u00f6ngur by German artist\u00a0<a href=\"http:\/\/www.lukaskuehne.com\" target=\"_blank\"><strong>Lukas K\u00fchne<\/strong><\/a>\u00a0was\u00a0opened for the public\u00a0September 5 in 2012. It\u00b4s located on a mountainside above the town of Sey\u00f0isfj\u00f6r\u00f0ur, East Iceland.<\/p>\n<p>[box]To enjoy and experience Tv\u00eds\u00f6ngur guest need to walk up a gravel road, for 15-20 minutes, that starts across from Brimberg Fish Factory.[\/box]<\/p>\n<h3>About<\/h3>\n<p>Tvis\u00f6ngur is built of concrete and consists of five interconnected domes of different sizes. The heights of the domes are between 2 and 4 meters and they cover an area of about 30 square meters. Each dome has its own resonance that corresponds to a tone in the Icelandic musical tradition of five-tone harmony, and works as a natural amplifier to that tone.<\/p>\n<p>The sculpture can be seen as a visualization of the five-tone harmony tradition. The round form is chosen for its acoustic properties as well as its visual function in the landscape. It results in a unique combination affecting visual and auditory senses. The Icelandic Tvis\u00f6ngur becomes a sculpture of singing concrete.<\/p>\n<p>Tvis\u00f6ngur is is open to everyone. It is embedded in the mountainside above the town, in a quiet area with a breathtaking view of the fjord. It offers an acoustic sensation that can be explored and experimented with by thevisitor. The sites solitude and tranquility offers a perfect setting for singing or music playing, alone, in harmony, for ones own pleasure or for an audience.<\/p>\n<p><a href=\"http:\/\/www.lukaskuehne.com\" target=\"_blank\">Lukas K\u00fchnes<\/a> artworks are dedicated to space and frequency. He lives in Berlin and Montevideo, Uruguay, where he heads the workshop Form and Sound at the Faculty of Arts of the State University. The sculpture Tvis\u00f6ngur relates to a series of works by the artist dealing with musical forms, one of which is the sculpture Cromatico built in Tallinn, Estonia in 2011. See more at\u00a0<a href=\"http:\/\/www.lukaskuehne.com\" target=\"_blank\">www.lukaskuehne.com<\/a><\/p>\n<h3>Map of the location<\/h3>\n<p><a href=\"https:\/\/archive.skaftfell.is\/wp-content\/uploads\/2014\/06\/map_tvisongur_72.jpg\"><img loading=\"lazy\" decoding=\"async\" class=\"alignnone wp-image-6359 size-large\" src=\"https:\/\/archive.skaftfell.is\/wp-content\/uploads\/2014\/06\/map_tvisongur_72-500x239.jpg\" alt=\"Map_tvisongur_72\" width=\"500\" height=\"239\" srcset=\"https:\/\/archive.skaftfell.is\/wp-content\/uploads\/2014\/06\/map_tvisongur_72-500x239.jpg 500w, https:\/\/archive.skaftfell.is\/wp-content\/uploads\/2014\/06\/map_tvisongur_72-150x71.jpg 150w, https:\/\/archive.skaftfell.is\/wp-content\/uploads\/2014\/06\/map_tvisongur_72-250x119.jpg 250w, https:\/\/archive.skaftfell.is\/wp-content\/uploads\/2014\/06\/map_tvisongur_72.jpg 1000w\" sizes=\"(max-width: 500px) 100vw, 500px\" \/><\/a><\/p>\n<h3>The building process<\/h3>\n<p>Images from the building process are available <a href=\"http:\/\/www.lukaskuehne.com\/TVISONGUR-Construction.pdf\" target=\"_blank\"><strong>here<\/strong><\/a>.<\/p>\n<h3>Supporters<\/h3>\n<p>Tvis\u00f6ngur is realized in cooperation with Skaftfell &#8211; Center for Visual Art, East Iceland. It is supported by the Municipality of Sey\u00f0isfj\u00f6r\u00f0ur, S\u00edldarvinnslan hf, Gullberg ehf, Blue Water Shipping, The Cultural Council of East Iceland,\u00a0<a href=\"https:\/\/www.goethe.de\/ins\/dk\/da\/index.html\">Goethe-Institut D\u00e4nemark<\/a>\u00a0and Nordecon Betoon O\u00dc, Estonia and Rosario Nuin architect.<\/p>\n","protected":false},"excerpt":{"rendered":"<p>The sound sculpture Tvis\u00f6ngur by German artist\u00a0Lukas K\u00fchne\u00a0was\u00a0opened for the public\u00a0September 5 in 2012. It\u00b4s located on a mountainside above the town of Sey\u00f0isfj\u00f6r\u00f0ur, East Iceland. [box]To enjoy and experience Tv\u00eds\u00f6ngur guest need to walk up a gravel road, for 15-20 minutes, that starts across from Brimberg Fish Factory.[\/box] About Tvis\u00f6ngur is built of concrete and consists of five interconnected domes of different sizes. The heights of the domes are between 2 and 4 meters and they cover an area of about 30 square meters. Each dome has its own resonance that corresponds to a tone in the Icelandic musical [\u2026] <\/p>\n<div class=\"clear\"><\/div>\n<p><a class=\"more_link clearfix\" href=\"https:\/\/archive.skaftfell.is\/en\/tvisongur\/\" rel=\"nofollow\">Read More<\/a><\/p>\n","protected":false},"author":7,"featured_media":9188,"parent":0,"menu_order":0,"comment_status":"closed","ping_status":"closed","template":"","meta":{"footnotes":""},"class_list":["post-9321","page","type-page","status-publish","has-post-thumbnail","hentry"],"_links":{"self":[{"href":"https:\/\/archive.skaftfell.is\/en\/wp-json\/wp\/v2\/pages\/9321"}],"collection":[{"href":"https:\/\/archive.skaftfell.is\/en\/wp-json\/wp\/v2\/pages"}],"about":[{"href":"https:\/\/archive.skaftfell.is\/en\/wp-json\/wp\/v2\/types\/page"}],"author":[{"embeddable":true,"href":"https:\/\/archive.skaftfell.is\/en\/wp-json\/wp\/v2\/users\/7"}],"replies":[{"embeddable":true,"href":"https:\/\/archive.skaftfell.is\/en\/wp-json\/wp\/v2\/comments?post=9321"}],"version-history":[{"count":0,"href":"https:\/\/archive.skaftfell.is\/en\/wp-json\/wp\/v2\/pages\/9321\/revisions"}],"wp:featuredmedia":[{"embeddable":true,"href":"https:\/\/archive.skaftfell.is\/en\/wp-json\/wp\/v2\/media\/9188"}],"wp:attachment":[{"href":"https:\/\/archive.skaftfell.is\/en\/wp-json\/wp\/v2\/media?parent=9321"}],"curies":[{"name":"wp","href":"https:\/\/api.w.org\/{rel}","templated":true}]}}