{"id":9736,"date":"2016-04-04T17:06:55","date_gmt":"2016-04-04T17:06:55","guid":{"rendered":"http:\/\/skaftfell.avistaserver.com\/?page_id=9736&#038;lang=en"},"modified":"2016-04-05T14:36:54","modified_gmt":"2016-04-05T14:36:54","slug":"transfer-north-2016-2017","status":"publish","type":"page","link":"https:\/\/archive.skaftfell.is\/en\/projects\/transfer-north-2016-2017\/","title":{"rendered":"Transfer North, 2016-2017"},"content":{"rendered":"<p><a href=\"https:\/\/transfernorth.wordpress.com\" target=\"_blank\">Transfer North<\/a>\u00a0is a knowledge transfer network for independent\/institutional curators and art critics in the contemporary art field in the European North, that focuses on specific experiences related to the artistic, cultural and environmental challenges of the high north region.<\/p>\n<p><img loading=\"lazy\" decoding=\"async\" class=\"aligncenter wp-image-9803 size-large\" src=\"https:\/\/archive.skaftfell.is\/wp-content\/uploads\/2016\/04\/tn_img_4747-500x375.jpg\" alt=\"TN_img_4747\" width=\"500\" height=\"375\" srcset=\"https:\/\/archive.skaftfell.is\/wp-content\/uploads\/2016\/04\/tn_img_4747-500x375.jpg 500w, https:\/\/archive.skaftfell.is\/wp-content\/uploads\/2016\/04\/tn_img_4747-150x113.jpg 150w, https:\/\/archive.skaftfell.is\/wp-content\/uploads\/2016\/04\/tn_img_4747-250x188.jpg 250w, https:\/\/archive.skaftfell.is\/wp-content\/uploads\/2016\/04\/tn_img_4747-768x576.jpg 768w, https:\/\/archive.skaftfell.is\/wp-content\/uploads\/2016\/04\/tn_img_4747-73x55.jpg 73w, https:\/\/archive.skaftfell.is\/wp-content\/uploads\/2016\/04\/tn_img_4747-1600x1200.jpg 1600w, https:\/\/archive.skaftfell.is\/wp-content\/uploads\/2016\/04\/tn_img_4747-800x600.jpg 800w, https:\/\/archive.skaftfell.is\/wp-content\/uploads\/2016\/04\/tn_img_4747-580x435.jpg 580w, https:\/\/archive.skaftfell.is\/wp-content\/uploads\/2016\/04\/tn_img_4747.jpg 2000w\" sizes=\"(max-width: 500px) 100vw, 500px\" \/><\/p>\n<p>The network will organize study trips, workshops and residencies for network members, as well as other curators and art critics from the Nordic and Baltic countries, UK and Russia.<\/p>\n<p><a href=\"https:\/\/transfernorth.wordpress.com\" target=\"_blank\">Transfer North<\/a> builds on the specific experiences related to the artistic, cultural and environmental challenges and the opportunities in the northern areas of Nordic countries and Russia.<\/p>\n<p>The High North is a region of considerable geopolitical interest, in terms of energy, natural resources, environmental challenges and safety. Climate change is making the natural resources of the region \u2013 gas, oil, minerals and fish more accessible. As a consequence, the geopolitical interests of major countries are also turning to the north.<\/p>\n<p>The northern regions have vital local art scenes. We will establish new collaborative mobility programs for curators both from the organizations in the network, and others.<\/p>\n<p>The main objective of the <a href=\"https:\/\/transfernorth.wordpress.com\" target=\"_blank\">Transfer North<\/a> is to create platforms for knowledge and experience exchange and strengthen connections between art professionals in the northern parts of Norway, Finland, Sweden, as well as Lithuania, UK and Russia, and other northern European regions.<\/p>\n<p>The project is made out of different components in order to achieve the aims of the project:<\/p>\n<ul>\n<li>STUDY TRIPS &amp; NETWORK MEETINGS<\/li>\n<li>CURATOR EXCHANGE PROGRAM + CURATOR AND ART CRITICS RESIDENCY PROGRAM<\/li>\n<li>WORKSHOPS AND SEMINARS<\/li>\n<\/ul>\n<h3>Project partners:<\/h3>\n<p>NORWAY:\u00a0<strong>Troms\u00f8\u00a0<\/strong><a href=\"http:\/\/www.tromsfylke.no\/Tjenester\/Kultur\/Troms-fylkeskultursenter\"><strong>Troms County Cultural Center<\/strong><\/a>,\u00a0<strong>Bod\u00f8<\/strong>\u00a0<a href=\"https:\/\/www.nfk.no\/nordland-kultursenter\/hovedside\/\"><strong>Nordland Culture Center<\/strong><\/a>,\u00a0<strong>Svolv\u00e6r\u00a0<\/strong><a href=\"http:\/\/nnks.no\/\"><strong>The North Norwegian Artist Center<\/strong><\/a>,\u00a0<strong>R\u00f8st<\/strong>\u00a0<a href=\"https:\/\/www.facebook.com\/Rostartistinresidency\/\"><strong>R\u00f8st AIR<\/strong><\/a>\u00a0<strong>Kirkenes<\/strong>\u00a0<a href=\"http:\/\/pikene.no\/\"><strong>Pikene p\u00e5 Broen<\/strong><\/a>,\u00a0<strong>Karasjok\u00a0<\/strong><a href=\"http:\/\/www.samidaiddaguovddas.no\/\"><strong>Sami Center for Contemporary Art<\/strong><\/a><\/p>\n<p>FINLAND:\u00a0<strong>Oulu<\/strong>\u00a0<a href=\"http:\/\/www.photonorth.fi\/en\/home\"><strong>Northern Photographic Center<\/strong><\/a>,\u00a0<strong>Rovaniemi\u00a0<\/strong><a href=\"http:\/\/magneetti.org\/\"><strong>Northern Media Culture Association Magneetti ry<\/strong><\/a><\/p>\n<p>SWEDEN:\u00a0<strong>Boden and Lule\u00e5<\/strong>\u00a0<a href=\"http:\/\/havremagasinet.se\/\"><strong>Havremagasinet<\/strong><\/a>\/<a href=\"http:\/\/gallerisyster.se\/\"><strong>Galleri Syster<\/strong><\/a><\/p>\n<p>LITHUANIA:\u00a0<strong>Vilnius<\/strong>\u00a0<a href=\"http:\/\/cac.lt\/\"><strong>Contemporary Art Centre<\/strong><\/a><\/p>\n<p>SCOTLAND:\u00a0<strong>Glasgow<\/strong>\u00a0<a href=\"http:\/\/www.cca-glasgow.com\/programme\"><strong>The Centre for Contemporary Arts<\/strong><\/a><\/p>\n<p>ICELAND:\u00a0<strong>Sey\u00f0isfj\u00f6r\u00f0ur\u00a0<\/strong><a href=\"https:\/\/archive.skaftfell.is\/en\/skaftfell\/\"><strong>Skaftfell Center for Visual Art<\/strong><\/a><\/p>\n<p>RUSSIA:\u00a0<strong>Arkhangelsk<\/strong>\u00a0<a href=\"http:\/\/www.transartists.org\/air\/arkhangelsk-air\"><strong>Arkhangelsk AIR<\/strong><\/a>,\u00a0<strong>St Petersburg<\/strong>\u00a0<a href=\"http:\/\/artresidency.ru\/\"><strong>St Petersburg Art Residency<\/strong><\/a>,\u00a0<strong>Murmansk<\/strong>\u00a0<a href=\"https:\/\/www.facebook.com\/GalleryCh9\/\"><strong>Gallery \u04279<\/strong><\/a>\/\u00a0<a href=\"http:\/\/www.fridaymilk.com\/\"><strong>Fridaymilk<\/strong><\/a><\/p>\n<p>Transfer North is kindly supported by <strong>Nordic Culture Point (<\/strong>Nordic-Baltic mobility Programme \u2013 Long-term network support)<strong>, Nordic Culture Fund, Norsk-islandsk kultursamarbeid, Nordland County Council, Troms County Council and project partners.<\/strong><\/p>\n<p><img loading=\"lazy\" decoding=\"async\" class=\"aligncenter wp-image-9196 size-large\" src=\"https:\/\/archive.skaftfell.is\/wp-content\/uploads\/2016\/01\/kkn_lodrett-500x64.jpg\" alt=\"KKN_lodrett\" width=\"500\" height=\"64\" srcset=\"https:\/\/archive.skaftfell.is\/wp-content\/uploads\/2016\/01\/kkn_lodrett.jpg 500w, https:\/\/archive.skaftfell.is\/wp-content\/uploads\/2016\/01\/kkn_lodrett-150x19.jpg 150w, https:\/\/archive.skaftfell.is\/wp-content\/uploads\/2016\/01\/kkn_lodrett-250x32.jpg 250w, https:\/\/archive.skaftfell.is\/wp-content\/uploads\/2016\/01\/kkn_lodrett-430x55.jpg 430w\" sizes=\"(max-width: 500px) 100vw, 500px\" \/><\/p>\n","protected":false},"excerpt":{"rendered":"<p>Transfer North\u00a0is a knowledge transfer network for independent\/institutional curators and art critics in the contemporary art field in the European North, that focuses on specific experiences related to the artistic, cultural and environmental challenges of the high north region. The network will organize study trips, workshops and residencies for network members, as well as other curators and art critics from the Nordic and Baltic countries, UK and Russia. Transfer North builds on the specific experiences related to the artistic, cultural and environmental challenges and the opportunities in the northern areas of Nordic countries and Russia. The High North is a [\u2026] <\/p>\n<div class=\"clear\"><\/div>\n<p><a class=\"more_link clearfix\" href=\"https:\/\/archive.skaftfell.is\/en\/projects\/transfer-north-2016-2017\/\" rel=\"nofollow\">Read More<\/a><\/p>\n","protected":false},"author":7,"featured_media":0,"parent":9312,"menu_order":0,"comment_status":"closed","ping_status":"closed","template":"","meta":{"footnotes":""},"class_list":["post-9736","page","type-page","status-publish","hentry"],"_links":{"self":[{"href":"https:\/\/archive.skaftfell.is\/en\/wp-json\/wp\/v2\/pages\/9736"}],"collection":[{"href":"https:\/\/archive.skaftfell.is\/en\/wp-json\/wp\/v2\/pages"}],"about":[{"href":"https:\/\/archive.skaftfell.is\/en\/wp-json\/wp\/v2\/types\/page"}],"author":[{"embeddable":true,"href":"https:\/\/archive.skaftfell.is\/en\/wp-json\/wp\/v2\/users\/7"}],"replies":[{"embeddable":true,"href":"https:\/\/archive.skaftfell.is\/en\/wp-json\/wp\/v2\/comments?post=9736"}],"version-history":[{"count":0,"href":"https:\/\/archive.skaftfell.is\/en\/wp-json\/wp\/v2\/pages\/9736\/revisions"}],"up":[{"embeddable":true,"href":"https:\/\/archive.skaftfell.is\/en\/wp-json\/wp\/v2\/pages\/9312"}],"wp:attachment":[{"href":"https:\/\/archive.skaftfell.is\/en\/wp-json\/wp\/v2\/media?parent=9736"}],"curies":[{"name":"wp","href":"https:\/\/api.w.org\/{rel}","templated":true}]}}