{"id":9739,"date":"2016-04-04T20:34:44","date_gmt":"2016-04-04T20:34:44","guid":{"rendered":"http:\/\/skaftfell.avistaserver.com\/?page_id=9739&#038;lang=en"},"modified":"2016-04-05T22:30:44","modified_gmt":"2016-04-05T22:30:44","slug":"artists-as-agents-of-institutional-exchange-2015-2016","status":"publish","type":"page","link":"https:\/\/archive.skaftfell.is\/en\/projects\/artists-as-agents-of-institutional-exchange-2015-2016\/","title":{"rendered":"Artists as Agents of Institutional Exchange, 2015-2016"},"content":{"rendered":"<p>Tag:\u00a0<a href=\"https:\/\/archive.skaftfell.is\/tag\/artists-as-agents-of-institutional-exchange-en\/?lang=en\">Artists as Agents of Institutional Exchange<\/a><\/p>\n<p><a href=\"http:\/\/videostream.ro\/\"><img loading=\"lazy\" decoding=\"async\" class=\"alignright size-medium wp-image-9201\" src=\"https:\/\/archive.skaftfell.is\/wp-content\/uploads\/2016\/01\/aaa-2016-250x167.jpg\" alt=\"AAA-2016\" width=\"250\" height=\"167\" srcset=\"https:\/\/archive.skaftfell.is\/wp-content\/uploads\/2016\/01\/aaa-2016-250x167.jpg 250w, https:\/\/archive.skaftfell.is\/wp-content\/uploads\/2016\/01\/aaa-2016-150x100.jpg 150w, https:\/\/archive.skaftfell.is\/wp-content\/uploads\/2016\/01\/aaa-2016-768x514.jpg 768w, https:\/\/archive.skaftfell.is\/wp-content\/uploads\/2016\/01\/aaa-2016-500x335.jpg 500w, https:\/\/archive.skaftfell.is\/wp-content\/uploads\/2016\/01\/aaa-2016-82x55.jpg 82w, https:\/\/archive.skaftfell.is\/wp-content\/uploads\/2016\/01\/aaa-2016-800x536.jpg 800w, https:\/\/archive.skaftfell.is\/wp-content\/uploads\/2016\/01\/aaa-2016-580x388.jpg 580w, https:\/\/archive.skaftfell.is\/wp-content\/uploads\/2016\/01\/aaa-2016.jpg 929w\" sizes=\"(max-width: 250px) 100vw, 250px\" \/>Artists as Agents of Institutional Exchange<\/a>, 2015-2016, is a joint initiative of tranzit.ro\/ Iasi and Skaftfell. It is materialised into a unique live streaming platform dedicated to the use of its artists in residence: Cristina DAVID and \u00c1sd\u00eds Sif GUNNARSD\u00d3TTIR. As practitioners, we often witness or create a result of artistic research that is mostly based on past, hidden, personal processes, on archaeological praxis, but we never allow ourselves the freedom to go live into the void of online audience and perform a video or carry out research together with our audience. Through this project, a term deemed to live forever in the past, the footage (a film that has been shot) will thus be experienced live, instantly, by the contemporary artist and the contemporary online witness. Platforms for live streaming are already the new institutional media in various instances, but this project is doing more than transmitting the result. Its function is to offer to our two artists in residence a new tool for live footage. It is about transforming this communication medium into a medium of artistic production, where the artist will have full control and responsibility for engaging a larger audience into a personal research process. With this we hope to further expand the notion of what an artist residency can be, by closely examining two institutional experiences from both the artists\u2019 and the producers\u2019 perspective. The new method for embarking on such a process is to empower the artist as an internal agent.<\/p>\n<p><a href=\"http:\/\/eeagrants.org\/\" target=\"_blank\"><img loading=\"lazy\" decoding=\"async\" class=\"alignnone wp-image-7690\" title=\"EEA-logo\" src=\"https:\/\/archive.skaftfell.is\/wp-content\/uploads\/2015\/10\/eea_logo.jpg\" alt=\"eea logo Public presentation of the project Artists as agents of institutional exchange\" width=\"130\" height=\"99\" srcset=\"https:\/\/archive.skaftfell.is\/wp-content\/uploads\/2015\/10\/eea_logo.jpg 360w, https:\/\/archive.skaftfell.is\/wp-content\/uploads\/2015\/10\/eea_logo-150x114.jpg 150w, https:\/\/archive.skaftfell.is\/wp-content\/uploads\/2015\/10\/eea_logo-250x190.jpg 250w\" sizes=\"(max-width: 130px) 100vw, 130px\" \/><\/a><a href=\"http:\/\/www.cultura.ro\/\" target=\"_blank\"><img loading=\"lazy\" decoding=\"async\" class=\"alignnone wp-image-7692\" title=\"Rom-logo\" src=\"https:\/\/archive.skaftfell.is\/wp-content\/uploads\/2015\/10\/rom_logo.jpg\" alt=\"rom logo Public presentation of the project Artists as agents of institutional exchange\" width=\"132\" height=\"109\" srcset=\"https:\/\/archive.skaftfell.is\/wp-content\/uploads\/2015\/10\/rom_logo.jpg 367w, https:\/\/archive.skaftfell.is\/wp-content\/uploads\/2015\/10\/rom_logo-150x124.jpg 150w, https:\/\/archive.skaftfell.is\/wp-content\/uploads\/2015\/10\/rom_logo-250x207.jpg 250w, https:\/\/archive.skaftfell.is\/wp-content\/uploads\/2015\/10\/rom_logo-350x290.jpg 350w\" sizes=\"(max-width: 132px) 100vw, 132px\" \/><\/a><a href=\"http:\/\/www.fonduri-diversitate.ro\/\" target=\"_blank\"><img loading=\"lazy\" decoding=\"async\" class=\"alignnone wp-image-7691\" title=\"EU_logo\" src=\"https:\/\/archive.skaftfell.is\/wp-content\/uploads\/2015\/10\/eu_logo.jpg\" alt=\"eu logo Public presentation of the project Artists as agents of institutional exchange\" width=\"126\" height=\"78\" srcset=\"https:\/\/archive.skaftfell.is\/wp-content\/uploads\/2015\/10\/eu_logo.jpg 350w, https:\/\/archive.skaftfell.is\/wp-content\/uploads\/2015\/10\/eu_logo-150x92.jpg 150w, https:\/\/archive.skaftfell.is\/wp-content\/uploads\/2015\/10\/eu_logo-250x154.jpg 250w, https:\/\/archive.skaftfell.is\/wp-content\/uploads\/2015\/10\/eu_logo-240x150.jpg 240w\" sizes=\"(max-width: 126px) 100vw, 126px\" \/><\/a><a href=\"http:\/\/www.cultura.ro\/\" target=\"_blank\"><img loading=\"lazy\" decoding=\"async\" class=\"alignnone wp-image-10610\" title=\"Public presentation of the project Artists as agents of institutional exchange\" src=\"https:\/\/archive.skaftfell.is\/en\/wp-content\/uploads\/2016\/01\/20160128_ump-150x57.jpg\" sizes=\"(max-width: 100px) 100vw, 100px\" srcset=\"https:\/\/archive.skaftfell.is\/en\/wp-content\/uploads\/2016\/01\/20160128_ump-150x57.jpg 150x, https:\/\/archive.skaftfell.is\/en\/wp-content\/uploads\/2016\/01\/20160128_ump-300x114.jpg 300x, https:\/\/archive.skaftfell.is\/en\/wp-content\/uploads\/2016\/01\/20160128_ump-768x291.jpg 768x, https:\/\/archive.skaftfell.is\/en\/wp-content\/uploads\/2016\/01\/20160128_ump-500x190.jpg 500x\" alt=\"UMP\" width=\"100\" height=\"38\" \/><\/a><\/p>\n<p>&nbsp;<\/p>\n","protected":false},"excerpt":{"rendered":"<p>Tag:\u00a0Artists as Agents of Institutional Exchange Artists as Agents of Institutional Exchange, 2015-2016, is a joint initiative of tranzit.ro\/ Iasi and Skaftfell. It is materialised into a unique live streaming platform dedicated to the use of its artists in residence: Cristina DAVID and \u00c1sd\u00eds Sif GUNNARSD\u00d3TTIR. As practitioners, we often witness or create a result of artistic research that is mostly based on past, hidden, personal processes, on archaeological praxis, but we never allow ourselves the freedom to go live into the void of online audience and perform a video or carry out research together with our audience. Through this [\u2026] <\/p>\n<div class=\"clear\"><\/div>\n<p><a class=\"more_link clearfix\" href=\"https:\/\/archive.skaftfell.is\/en\/projects\/artists-as-agents-of-institutional-exchange-2015-2016\/\" rel=\"nofollow\">Read More<\/a><\/p>\n","protected":false},"author":7,"featured_media":0,"parent":9312,"menu_order":0,"comment_status":"closed","ping_status":"closed","template":"","meta":{"footnotes":""},"class_list":["post-9739","page","type-page","status-publish","hentry"],"_links":{"self":[{"href":"https:\/\/archive.skaftfell.is\/en\/wp-json\/wp\/v2\/pages\/9739"}],"collection":[{"href":"https:\/\/archive.skaftfell.is\/en\/wp-json\/wp\/v2\/pages"}],"about":[{"href":"https:\/\/archive.skaftfell.is\/en\/wp-json\/wp\/v2\/types\/page"}],"author":[{"embeddable":true,"href":"https:\/\/archive.skaftfell.is\/en\/wp-json\/wp\/v2\/users\/7"}],"replies":[{"embeddable":true,"href":"https:\/\/archive.skaftfell.is\/en\/wp-json\/wp\/v2\/comments?post=9739"}],"version-history":[{"count":0,"href":"https:\/\/archive.skaftfell.is\/en\/wp-json\/wp\/v2\/pages\/9739\/revisions"}],"up":[{"embeddable":true,"href":"https:\/\/archive.skaftfell.is\/en\/wp-json\/wp\/v2\/pages\/9312"}],"wp:attachment":[{"href":"https:\/\/archive.skaftfell.is\/en\/wp-json\/wp\/v2\/media?parent=9739"}],"curies":[{"name":"wp","href":"https:\/\/api.w.org\/{rel}","templated":true}]}}