{"id":9747,"date":"2016-04-04T20:42:38","date_gmt":"2016-04-04T20:42:38","guid":{"rendered":"http:\/\/skaftfell.avistaserver.com\/?page_id=9747&#038;lang=en"},"modified":"2018-02-01T10:40:30","modified_gmt":"2018-02-01T10:40:30","slug":"creative-mapping-the-creative-industry-2013","status":"publish","type":"page","link":"https:\/\/archive.skaftfell.is\/en\/projects\/creative-mapping-the-creative-industry-2013\/","title":{"rendered":"Creative: mapping the creative industry, 2013"},"content":{"rendered":"<p>In 2013 the artist group <a href=\"http:\/\/www.roshambo.is\" target=\"_blank\">RoShamBo<\/a>, in collaboration with Skaftfell, published\u00a0<a href=\"https:\/\/maps.google.com\/maps\/ms?msid=213777994270927453375.0004d8452dcee7661df78&amp;msa=0\" target=\"_blank\">a web based map<\/a> containing information on workshops, residencies, galleries, project platforms, schools and interesting phenomena in Sey\u00f0isfj\u00f6r\u00f0ur. The map is intended to serve people working in the creative industries; artists, designers, craftspeople and others who wish to work in Sey\u00f0isfj\u00f6r\u00f0ur, execute projects, produce works or work on research and development. In short the map serves the ones who are on it and all their clients and collaborators, current and future.<\/p>\n<p>In 2016 the map was updated and extended for the whole of East Iceland.<\/p>\n<p><iframe loading=\"lazy\" src=\"https:\/\/www.google.com\/maps\/d\/embed?mid=zSKLcIE5_aXY.kbOzr08ZbH6o\" width=\"640\" height=\"480\"><\/iframe><\/p>\n<p>The project was supported by the Cultural Council of East Iceland.<\/p>\n<p>&nbsp;<\/p>\n","protected":false},"excerpt":{"rendered":"<p>In 2013 the artist group RoShamBo, in collaboration with Skaftfell, published\u00a0a web based map containing information on workshops, residencies, galleries, project platforms, schools and interesting phenomena in Sey\u00f0isfj\u00f6r\u00f0ur. The map is intended to serve people working in the creative industries; artists, designers, craftspeople and others who wish to work in Sey\u00f0isfj\u00f6r\u00f0ur, execute projects, produce works or work on research and development. In short the map serves the ones who are on it and all their clients and collaborators, current and future. In 2016 the map was updated and extended for the whole of East Iceland. The project was supported by [\u2026] <\/p>\n<div class=\"clear\"><\/div>\n<p><a class=\"more_link clearfix\" href=\"https:\/\/archive.skaftfell.is\/en\/projects\/creative-mapping-the-creative-industry-2013\/\" rel=\"nofollow\">Read More<\/a><\/p>\n","protected":false},"author":7,"featured_media":0,"parent":9312,"menu_order":0,"comment_status":"closed","ping_status":"closed","template":"","meta":{"footnotes":""},"class_list":["post-9747","page","type-page","status-publish","hentry"],"_links":{"self":[{"href":"https:\/\/archive.skaftfell.is\/en\/wp-json\/wp\/v2\/pages\/9747"}],"collection":[{"href":"https:\/\/archive.skaftfell.is\/en\/wp-json\/wp\/v2\/pages"}],"about":[{"href":"https:\/\/archive.skaftfell.is\/en\/wp-json\/wp\/v2\/types\/page"}],"author":[{"embeddable":true,"href":"https:\/\/archive.skaftfell.is\/en\/wp-json\/wp\/v2\/users\/7"}],"replies":[{"embeddable":true,"href":"https:\/\/archive.skaftfell.is\/en\/wp-json\/wp\/v2\/comments?post=9747"}],"version-history":[{"count":0,"href":"https:\/\/archive.skaftfell.is\/en\/wp-json\/wp\/v2\/pages\/9747\/revisions"}],"up":[{"embeddable":true,"href":"https:\/\/archive.skaftfell.is\/en\/wp-json\/wp\/v2\/pages\/9312"}],"wp:attachment":[{"href":"https:\/\/archive.skaftfell.is\/en\/wp-json\/wp\/v2\/media?parent=9747"}],"curies":[{"name":"wp","href":"https:\/\/api.w.org\/{rel}","templated":true}]}}